{"id":473,"date":"2012-10-02T19:36:08","date_gmt":"2012-10-02T16:36:08","guid":{"rendered":"http:\/\/localhost\/wordpress2\/?page_id=473"},"modified":"2024-02-21T20:08:53","modified_gmt":"2024-02-21T18:08:53","slug":"galerie-foto","status":"publish","type":"page","link":"https:\/\/www.harulmoldovaveche.ro\/?page_id=473","title":{"rendered":"Galerie Foto Biserica Baptista Harul Moldova Veche"},"content":{"rendered":"<p><img loading=\"lazy\" decoding=\"async\" src=\"wp-content\/imagini\/galerie.jpg\" alt=\"\" width=\"110\" height=\"110\" align=\"left\" \/><br \/>\n<span style=\"color: #667667; font-size: 250%;\">&nbsp;Galerie foto<\/span><br \/>\n<br \/>\n<br style=\"margin-bottom:-0,3px;\" \/><\/p>\n<div class=\"dhtmlgoodies_question\" style =\"font-family: Times New Roman;\">TINERII BISERICII \u00ceN VIZIT\u0102 LA B\u0102TR\u00c2NI \u0218I LA BOLNAVI<\/div>\n<div class=\"dhtmlgoodies_answer\">\n<div align = \"center\">\n<!--\n[IMG-Gal id=4013]\n[wpbp_blocks set=\"batrani1\"] \n--><\/p>\n<div class=\"row\">\n<div class=\"column\">\n<a href=\"wp-content\/fisiere\/Site\/Vizite_la_batrani\/Img1.jpeg\" title=\"\" class=\"thickbox\" rel = \"batrani\"><br \/>\n<img loading=\"lazy\" decoding=\"async\" src=\"wp-content\/fisiere\/Site\/Vizite_la_batrani\/Img1.jpeg\" alt=\"\" width=\"196\" height=\"120\" style = \"margin-right: 2px; border:2px solid grey;\"\/><br \/>\n<\/a>\n<\/div>\n<div class=\"column\">\n<a href=\"wp-content\/fisiere\/Site\/Vizite_la_batrani\/Img2.jpeg\" title=\"\" class=\"thickbox\" rel = \"batrani\"><br \/>\n<img loading=\"lazy\" decoding=\"async\" src=\"wp-content\/fisiere\/Site\/Vizite_la_batrani\/Img2.jpeg\" alt=\"\" width=\"196\" height=\"120\" style = \"margin-right: 2px; border:2px solid grey;\"\/><br \/>\n<\/a>\n<\/div>\n<div class=\"column\">\n<a href=\"wp-content\/fisiere\/Site\/Vizite_la_batrani\/Img3.jpeg\" title=\"\" class=\"thickbox\" rel = \"batrani\"><br \/>\n<img loading=\"lazy\" decoding=\"async\" src=\"wp-content\/fisiere\/Site\/Vizite_la_batrani\/Img3.jpeg\" alt=\"\" width=\"196\" height=\"120\" style = \"margin-right: 2px; border:2px solid grey;\"\/><br \/>\n<\/a>\n<\/div>\n<div class=\"column\">\n<a href=\"wp-content\/fisiere\/Site\/Vizite_la_batrani\/Img4.jpeg\" title=\"\" class=\"thickbox\" rel = \"batrani\"><br \/>\n<img loading=\"lazy\" decoding=\"async\" src=\"wp-content\/fisiere\/Site\/Vizite_la_batrani\/Img4.jpeg\" alt=\"\" width=\"196\" height=\"120\" style = \"margin-right: 2px; border:2px solid grey;\"\/><br \/>\n<\/a>\n<\/div>\n<\/div>\n<div class=\"row\">\n<div class=\"column\">\n<a href=\"wp-content\/fisiere\/Site\/Vizite_la_batrani\/Img5.jpeg\" title=\"\" class=\"thickbox\" rel = \"batrani\"><br \/>\n<img loading=\"lazy\" decoding=\"async\" src=\"wp-content\/fisiere\/Site\/Vizite_la_batrani\/Img5.jpeg\" alt=\"\" width=\"196\" height=\"120\" style = \"margin-right: 2px; border:2px solid grey;\"\/><br \/>\n<\/a>\n<\/div>\n<div class=\"column\">\n<a href=\"wp-content\/fisiere\/Site\/Vizite_la_batrani\/Img6.jpeg\" title=\"\" class=\"thickbox\" rel = \"batrani\"><br \/>\n<img loading=\"lazy\" decoding=\"async\" src=\"wp-content\/fisiere\/Site\/Vizite_la_batrani\/Img6.jpeg\" alt=\"\" width=\"196\" height=\"120\" style = \"margin-right: 2px; border:2px solid grey;\"\/><br \/>\n<\/a>\n<\/div>\n<div class=\"column\">\n<a href=\"wp-content\/fisiere\/Site\/Vizite_la_batrani\/Img7.jpeg\" title=\"\" class=\"thickbox\" rel = \"batrani\"><br \/>\n<img loading=\"lazy\" decoding=\"async\" src=\"wp-content\/fisiere\/Site\/Vizite_la_batrani\/Img7.jpeg\" alt=\"\" width=\"196\" height=\"120\" style = \"margin-right: 2px; border:2px solid grey;\"\/><br \/>\n<\/a>\n<\/div>\n<div class=\"column\">\n<a href=\"wp-content\/fisiere\/Site\/Vizite_la_batrani\/Img8.jpeg\" title=\"\" class=\"thickbox\" rel = \"batrani\"><br \/>\n<img loading=\"lazy\" decoding=\"async\" src=\"wp-content\/fisiere\/Site\/Vizite_la_batrani\/Img8.jpeg\" alt=\"\" width=\"196\" height=\"120\" style = \"margin-right: 2px; border:2px solid grey;\"\/><br \/>\n<\/a>\n<\/div>\n<\/div><\/div>\n<\/div>\n<div class=\"dhtmlgoodies_question2\" style =\"font-family: Times New Roman;\">MEMBRII BISERICII \u00ceN VIZIT\u0102 LA FAMILIILE NEVOIA\u0218E<\/div>\n<div class=\"dhtmlgoodies_answer2\">\n<div align = \"center\">&nbsp;<br \/>\n<!--\n[wpbp_blocks set=\"gfoto2\"]\n--><\/p>\n<div class=\"row\">\n<div class=\"column\">\n<a href=\"wp-content\/fisiere\/Site\/Familii_nevoiase\/Img1.jpeg\" title=\"\" class=\"thickbox\" rel = \"batrani\"><br \/>\n<img loading=\"lazy\" decoding=\"async\" src=\"wp-content\/fisiere\/Site\/Familii_nevoiase\/Img1.jpeg\" alt=\"\" width=\"196\" height=\"120\" style = \"margin-right: 2px; border:2px solid grey;\"\/><br \/>\n<\/a>\n<\/div>\n<div class=\"column\">\n<a href=\"wp-content\/fisiere\/Site\/Familii_nevoiase\/Img2.jpeg\" title=\"\" class=\"thickbox\" rel = \"batrani\"><br \/>\n<img loading=\"lazy\" decoding=\"async\" src=\"wp-content\/fisiere\/Site\/Familii_nevoiase\/Img2.jpeg\" alt=\"\" width=\"196\" height=\"120\" style = \"margin-right: 2px; border:2px solid grey;\"\/><br \/>\n<\/a>\n<\/div>\n<div class=\"column\">\n<a href=\"wp-content\/fisiere\/Site\/Familii_nevoiase\/Img3.jpeg\" title=\"\" class=\"thickbox\" rel = \"batrani\"><br \/>\n<img loading=\"lazy\" decoding=\"async\" src=\"wp-content\/fisiere\/Site\/Familii_nevoiase\/Img3.jpeg\" alt=\"\" width=\"196\" height=\"120\" style = \"margin-right: 2px; border:2px solid grey;\"\/><br \/>\n<\/a>\n<\/div>\n<div class=\"column\">\n<a href=\"wp-content\/fisiere\/Site\/Familii_nevoiase\/Img4.jpeg\" title=\"\" class=\"thickbox\" rel = \"batrani\"><br \/>\n<img loading=\"lazy\" decoding=\"async\" src=\"wp-content\/fisiere\/Site\/Familii_nevoiase\/Img4.jpeg\" alt=\"\" width=\"196\" height=\"120\" style = \"margin-right: 2px; border:2px solid grey;\"\/><br \/>\n<\/a>\n<\/div>\n<\/div>\n<div class=\"row\">\n<div class=\"column\">\n<a href=\"wp-content\/fisiere\/Site\/Familii_nevoiase\/Img5.jpeg\" title=\"\" class=\"thickbox\" rel = \"batrani\"><br \/>\n<img loading=\"lazy\" decoding=\"async\" src=\"wp-content\/fisiere\/Site\/Familii_nevoiase\/Img5.jpeg\" alt=\"\" width=\"196\" height=\"120\" style = \"margin-right: 2px; border:2px solid grey;\"\/><br \/>\n<\/a>\n<\/div>\n<div class=\"column\">\n<a href=\"wp-content\/fisiere\/Site\/Familii_nevoiase\/Img6.jpeg\" title=\"\" class=\"thickbox\" rel = \"batrani\"><br \/>\n<img loading=\"lazy\" decoding=\"async\" src=\"wp-content\/fisiere\/Site\/Familii_nevoiase\/Img6.jpeg\" alt=\"\" width=\"196\" height=\"120\" style = \"margin-right: 2px; border:2px solid grey;\"\/><br \/>\n<\/a>\n<\/div>\n<div class=\"column\">\n<a href=\"wp-content\/fisiere\/Site\/Familii_nevoiase\/Img7.jpeg\" title=\"\" class=\"thickbox\" rel = \"batrani\"><br \/>\n<img loading=\"lazy\" decoding=\"async\" src=\"wp-content\/fisiere\/Site\/Familii_nevoiase\/Img7.jpeg\" alt=\"\" width=\"196\" height=\"120\" style = \"margin-right: 2px; border:2px solid grey;\"\/><br \/>\n<\/a>\n<\/div>\n<\/div><\/div>\n<\/div>\n<p><!--\n\n\n<div class=\"dhtmlgoodies_question\" style =\"font-family: Times New Roman;\">IMAGINI CU CONSTRUIREA UNEI DEPENDIN\u021aE A BISERICII<\/div>\n\n\n\n\n<div class=\"dhtmlgoodies_answer\">\n\n\n<div align = \"left\">&nbsp;\n<span style=\"color: #667667; font-size: 130%; font-family: Times New Roman;\"  align = \"left\">&nbsp;&nbsp;&nbsp;Aceast\u0103 dependin\u021b\u0103 a fost construit\u0103 pentru a folosi la depozitarea unor articole de \u00eembr\u0103c\u0103minte \u0219i \u00eenc\u0103l\u021b\u0103minte provenite din dona\u021bii \u0219i care s\u0103 serveasc\u0103, dup\u0103 posibilit\u0103\u021bi oamenilor nevoia\u0219i, proveni\u021bi at\u00e2t din biserica noastr\u0103 c\u00e2t \u0219i din \u00eentreg ora\u0219ul Moldova Nou\u0103.<\/span>\n[wpbp_blocks set=\"gfoto3\"]\n\t<\/div>\n\n\n<\/div>\n\n\n--><br \/>\n<\/p>\n","protected":false},"excerpt":{"rendered":"<p>&nbsp;Galerie foto TINERII BISERICII \u00ceN VIZIT\u0102 LA B\u0102TR\u00c2NI \u0218I LA BOLNAVI MEMBRII BISERICII \u00ceN VIZIT\u0102 LA FAMILIILE NEVOIA\u0218E &nbsp;<\/p>\n","protected":false},"author":1,"featured_media":0,"parent":0,"menu_order":0,"comment_status":"closed","ping_status":"closed","template":"","meta":{"_acf_changed":false,"ngg_post_thumbnail":0,"footnotes":""},"class_list":["post-473","page","type-page","status-publish","hentry"],"acf":[],"_links":{"self":[{"href":"https:\/\/www.harulmoldovaveche.ro\/index.php?rest_route=\/wp\/v2\/pages\/473","targetHints":{"allow":["GET"]}}],"collection":[{"href":"https:\/\/www.harulmoldovaveche.ro\/index.php?rest_route=\/wp\/v2\/pages"}],"about":[{"href":"https:\/\/www.harulmoldovaveche.ro\/index.php?rest_route=\/wp\/v2\/types\/page"}],"author":[{"embeddable":true,"href":"https:\/\/www.harulmoldovaveche.ro\/index.php?rest_route=\/wp\/v2\/users\/1"}],"replies":[{"embeddable":true,"href":"https:\/\/www.harulmoldovaveche.ro\/index.php?rest_route=%2Fwp%2Fv2%2Fcomments&post=473"}],"version-history":[{"count":48,"href":"https:\/\/www.harulmoldovaveche.ro\/index.php?rest_route=\/wp\/v2\/pages\/473\/revisions"}],"predecessor-version":[{"id":4048,"href":"https:\/\/www.harulmoldovaveche.ro\/index.php?rest_route=\/wp\/v2\/pages\/473\/revisions\/4048"}],"wp:attachment":[{"href":"https:\/\/www.harulmoldovaveche.ro\/index.php?rest_route=%2Fwp%2Fv2%2Fmedia&parent=473"}],"curies":[{"name":"wp","href":"https:\/\/api.w.org\/{rel}","templated":true}]}}