{"id":471,"date":"2012-10-02T19:34:35","date_gmt":"2012-10-02T16:34:35","guid":{"rendered":"http:\/\/localhost\/wordpress2\/?page_id=471"},"modified":"2024-02-21T20:11:25","modified_gmt":"2024-02-21T18:11:25","slug":"alte-resurse","status":"publish","type":"page","link":"https:\/\/www.harulmoldovaveche.ro\/?page_id=471","title":{"rendered":"Alte Resurse Biserica Baptista Harul Moldova Veche"},"content":{"rendered":"<p><img loading=\"lazy\" decoding=\"async\" src=\"wp-content\/imagini\/resources3.png\" alt=\"\" width=\"110\" height=\"110\" align=\"left\" \/><br \/>\n<span style=\"color: #667667; font-size: 250%;\">&nbsp;Alte resurse<\/span><br \/>\n<\/p>\n<div align = \"center\">\n<!-- [wpfilebase tag=file id=3 \/] --><br \/>\n<div class=\"wpfilebase-attachment\">\r\n <div class=\"wpfilebase-fileicon\"><a href=\"https:\/\/www.harulmoldovaveche.ro\/?wpfb_dl=4\" title=\"Download Cel ce sf\u0103r\u00e2m\u0103 lan\u021burile robiei (format .pdf)\"><img decoding=\"async\" align=\"middle\" src=\"https:\/\/www.harulmoldovaveche.ro\/?wpfilebase_thumbnail=1&amp;fid=4&amp;name=thumb_lanturile-80x80.jpg\" alt=\"Cel ce sf\u0103r\u00e2m\u0103 lan\u021burile robiei (format .pdf)\" \/><\/a><\/div>\r\n <div class=\"wpfilebase-rightcol\">\r\n  <div class=\"wpfilebase-filetitle\">\r\n   <a href=\"https:\/\/www.harulmoldovaveche.ro\/?wpfb_dl=4\" title=\"Download Cel ce sf\u0103r\u00e2m\u0103 lan\u021burile robiei (format .pdf)\">Cel ce sf\u0103r\u00e2m\u0103 lan\u021burile robiei (format .pdf)<\/a><br \/>\r\n   Cel-Ce-Sfarama-Lanturile-Robiei.pdf<br \/>\r\n   \r\n   \r\n<!-- <span style=\"color: #667667; font-family: Arial; font-size: 150%;\">&nbsp;&nbsp;&nbsp;&nbsp;&nbsp;&nbsp;&nbsp;&nbsp;&nbsp;&nbsp;&nbsp;&nbsp;&nbsp;&nbsp;\r\n&nbsp;&nbsp;&nbsp;&nbsp;&nbsp;&nbsp;&nbsp;&nbsp;&nbsp;&nbsp;&nbsp;&nbsp;&nbsp;&nbsp;&nbsp;&nbsp;&nbsp;&nbsp;&nbsp;&nbsp;&nbsp;Descriere<\/span> -->\r\n  <\/div><br style=\"line-height:50px;\" \/>\r \n  \n<div class=\"wpfilebase-filedetails\" id=\"wpfilebase-filedetails1\" style = \"width:500px;\">\r\n  <p>Formatul c\u0103r\u021bii este pentru programul acrobat reader.<\/p>\r\n  <table border=\"0\">\r\n   \r\n   <tr><td><strong>Autor:<\/strong><\/td><td>Neil T. Anderson<\/td><\/tr>\r\n   \r\n   \r\n   \r\n   <tr><td><strong>Licen\u021ba:<\/strong><\/td><td>Freeware<\/td><\/tr>\r\n   <tr><td><strong>Data introducerii fi\u0219ierului:<\/strong><\/td><td>2 noiembrie 2012<\/td><\/tr>\r\n   \n  <\/table>\r\n  <\/div>\r\n <\/div>\r\n <div class=\"wpfilebase-fileinfo\">\r\n  <strong>1.2 MiB<\/strong><br \/>\r\n<strong>3313 Desc\u0103rc\u0103ri<\/strong><br \/>\r \n <\/div>\r\n <div style=\"clear: both;\"><\/div>\r\n<\/div><br \/>\n<!-- [wpfilebase tag=file id=5 \/] --><br \/>\n<div class=\"wpfilebase-attachment\">\r\n <div class=\"wpfilebase-fileicon\"><a href=\"https:\/\/www.harulmoldovaveche.ro\/?wpfb_dl=6\" title=\"Download Cre\u0219tinismul redus la esen\u021be (format .pdf)\"><img decoding=\"async\" align=\"middle\" src=\"https:\/\/www.harulmoldovaveche.ro\/?wpfilebase_thumbnail=1&amp;fid=6&amp;name=thumb_crestinism-80x60.jpg\" alt=\"Cre\u0219tinismul redus la esen\u021be (format .pdf)\" \/><\/a><\/div>\r\n <div class=\"wpfilebase-rightcol\">\r\n  <div class=\"wpfilebase-filetitle\">\r\n   <a href=\"https:\/\/www.harulmoldovaveche.ro\/?wpfb_dl=6\" title=\"Download Cre\u0219tinismul redus la esen\u021be (format .pdf)\">Cre\u0219tinismul redus la esen\u021be (format .pdf)<\/a><br \/>\r\n   C. S. Lewis - Crestinismul redus la esente.pdf<br \/>\r\n   \r\n   \r\n<!-- <span style=\"color: #667667; font-family: Arial; font-size: 150%;\">&nbsp;&nbsp;&nbsp;&nbsp;&nbsp;&nbsp;&nbsp;&nbsp;&nbsp;&nbsp;&nbsp;&nbsp;&nbsp;&nbsp;\r\n&nbsp;&nbsp;&nbsp;&nbsp;&nbsp;&nbsp;&nbsp;&nbsp;&nbsp;&nbsp;&nbsp;&nbsp;&nbsp;&nbsp;&nbsp;&nbsp;&nbsp;&nbsp;&nbsp;&nbsp;&nbsp;Descriere<\/span> -->\r\n  <\/div><br style=\"line-height:50px;\" \/>\r \n  \n<div class=\"wpfilebase-filedetails\" id=\"wpfilebase-filedetails2\" style = \"width:500px;\">\r\n  <p>Formatul c\u0103r\u021bii este pentru programul acrobat reader.<\/p>\r\n  <table border=\"0\">\r\n   \r\n   <tr><td><strong>Autor:<\/strong><\/td><td>C. S. Lewis<\/td><\/tr>\r\n   \r\n   \r\n   \r\n   <tr><td><strong>Licen\u021ba:<\/strong><\/td><td>Freeware<\/td><\/tr>\r\n   <tr><td><strong>Data introducerii fi\u0219ierului:<\/strong><\/td><td>2 noiembrie 2012<\/td><\/tr>\r\n   \n  <\/table>\r\n  <\/div>\r\n <\/div>\r\n <div class=\"wpfilebase-fileinfo\">\r\n  <strong>445.6 KiB<\/strong><br \/>\r\n<strong>1496 Desc\u0103rc\u0103ri<\/strong><br \/>\r \n <\/div>\r\n <div style=\"clear: both;\"><\/div>\r\n<\/div><br \/>\n<div class=\"wpfilebase-attachment\">\r\n <div class=\"wpfilebase-fileicon\"><a href=\"https:\/\/www.harulmoldovaveche.ro\/?wpfb_dl=9\" title=\"Download Evidenta biserici\"><img decoding=\"async\" align=\"middle\" src=\"https:\/\/www.harulmoldovaveche.ro\/?wpfilebase_thumbnail=1&amp;fid=9&amp;name=thumb_EvidentaB-80x76.png\" alt=\"Evidenta biserici\" \/><\/a><\/div>\r\n <div class=\"wpfilebase-rightcol\">\r\n  <div class=\"wpfilebase-filetitle\">\r\n   <a href=\"https:\/\/www.harulmoldovaveche.ro\/?wpfb_dl=9\" title=\"Download Evidenta biserici\">Evidenta biserici<\/a><br \/>\r\n   Evidenta_biserici.zip<br \/>\r\n   \r\n   \r\n<!-- <span style=\"color: #667667; font-family: Arial; font-size: 150%;\">&nbsp;&nbsp;&nbsp;&nbsp;&nbsp;&nbsp;&nbsp;&nbsp;&nbsp;&nbsp;&nbsp;&nbsp;&nbsp;&nbsp;\r\n&nbsp;&nbsp;&nbsp;&nbsp;&nbsp;&nbsp;&nbsp;&nbsp;&nbsp;&nbsp;&nbsp;&nbsp;&nbsp;&nbsp;&nbsp;&nbsp;&nbsp;&nbsp;&nbsp;&nbsp;&nbsp;Descriere<\/span> -->\r\n  <\/div><br style=\"line-height:50px;\" \/>\r \n  \n<div class=\"wpfilebase-filedetails\" id=\"wpfilebase-filedetails3\" style = \"width:500px;\">\r\n  <p>Program pentru evidenta biserici. Este scris in java si este destinat pentru sistemul de operare Windows. Instructiunile de instalare le gasiti in arhiva inttr-un fisier pdf.<\/p>\r\n  <table border=\"0\">\r\n   \r\n   \r\n   <tr><td><strong>Platforms:<\/strong><\/td><td>Windows XP, Windows Vista, Windows 7<\/td><\/tr>\r\n   <tr><td><strong>Cerin\u021be:<\/strong><\/td><td><a href=\"http:\/\/www.foxitsoftware.com\/pdf\/reader\/addons.php\" target=\"_blank\">PDF Reader<\/a>, <a href=\"http:\/\/www.java.com\/download\/\" target=\"_blank\">Java<\/a><\/td><\/tr>\r\n   \r\n   \r\n   <tr><td><strong>Data introducerii fi\u0219ierului:<\/strong><\/td><td>26 mai 2014<\/td><\/tr>\r\n   \n  <\/table>\r\n  <\/div>\r\n <\/div>\r\n <div class=\"wpfilebase-fileinfo\">\r\n  <strong>27.8 MiB<\/strong><br \/>\r\n<strong>1728 Desc\u0103rc\u0103ri<\/strong><br \/>\r \n <\/div>\r\n <div style=\"clear: both;\"><\/div>\r\n<\/div><br \/>\n<div class=\"wpfilebase-attachment\">\r\n <div class=\"wpfilebase-fileicon\"><a href=\"https:\/\/www.harulmoldovaveche.ro\/?wpfb_dl=10\" title=\"Download Evidenta biserici linux\"><img decoding=\"async\" align=\"middle\" src=\"https:\/\/www.harulmoldovaveche.ro\/?wpfilebase_thumbnail=1&amp;fid=10&amp;name=thumb_EvidentaB-80x76.png\" alt=\"Evidenta biserici linux\" \/><\/a><\/div>\r\n <div class=\"wpfilebase-rightcol\">\r\n  <div class=\"wpfilebase-filetitle\">\r\n   <a href=\"https:\/\/www.harulmoldovaveche.ro\/?wpfb_dl=10\" title=\"Download Evidenta biserici linux\">Evidenta biserici linux<\/a><br \/>\r\n   Evidenta_biserici_linux_Instalare.zip<br \/>\r\n   \r\n   \r\n<!-- <span style=\"color: #667667; font-family: Arial; font-size: 150%;\">&nbsp;&nbsp;&nbsp;&nbsp;&nbsp;&nbsp;&nbsp;&nbsp;&nbsp;&nbsp;&nbsp;&nbsp;&nbsp;&nbsp;\r\n&nbsp;&nbsp;&nbsp;&nbsp;&nbsp;&nbsp;&nbsp;&nbsp;&nbsp;&nbsp;&nbsp;&nbsp;&nbsp;&nbsp;&nbsp;&nbsp;&nbsp;&nbsp;&nbsp;&nbsp;&nbsp;Descriere<\/span> -->\r\n  <\/div><br style=\"line-height:50px;\" \/>\r \n  \n<div class=\"wpfilebase-filedetails\" id=\"wpfilebase-filedetails4\" style = \"width:500px;\">\r\n  <p>Program pentru evidenta biserici. Este scris \u00een java \u0219i este destinat pentru oricare versiune a sistemului de operare linux.<br \/>\r\n    Instalarea programului \"Eviden\u021b\u0103 biserici\" \u00eentr-un sistem de operare linux, implic\u0103, la fel ca in Windows, existen\u021ba platformei java \u0219i a serverului mysql.<br \/>\r\n   Marea majoritate distribu\u021biilor de linux folosesc pachetul \"openjdk\" pentru java (este un program cu licen\u021b\u0103 gratuit\u0103), \u00eens\u0103 pentru asigurarea func\u021bion\u0103rii corecte a programului, ar trebui instalat\u0103 platforma jdk de la Oracle.<br \/>\r\n   Spre exemplu, pentru distribu\u021biile cu nucleu de Ubuntu, pute\u021bi urma pa\u0219ii de pe urmatorul link pentru inastalarea platformei java de la Oracle: https:\/\/www.digitalocean.com\/community\/articles\/how-to-install-java-on-ubuntu-with-apt-get<br \/>\r\n   De asemenea, pentru instalarea \u0219i configurarea serverului mysql, \u00een distribu\u021biile cu nucleu de Ubuntu, pute\u021bi g\u0103si un bun tutorial de pe urm\u0103torul link: https:\/\/help.ubuntu.com\/lts\/serverguide\/mysql.html (la  \"bind-address  = 192.168.0.5\"  schimba\u021bi 192.168.0.5 cu 127.0.0.1 care este ip-ul local sau \"localhost\")<br \/>\r\n   Java Opnjdk(care este instalat implicit \u00een majoritatea distribu\u021biilor de linux) func\u021bioneaza, \u00eens\u0103 din experien\u021ba mea, \u0219tiu ca sunt unele func\u021bii care lipsesc, comparativ cu java Oracle prin urmare, programul \"Eviden\u021b\u0103 biserici\" poate s\u0103 nu func\u021bioneze \u00een parametri optimi.<br \/>\r\n    Dac\u0103 s-a instalat platforma Oracle Jdk (sau se insist\u0103 totu\u0219i cu openjdk) \u0219i s-a instalat \u0219i configurat serverul mysql, urma\u021bi urm\u0103torii pa\u0219i pentru instalarea programului pe distribu\u021bia dumneavoastr\u0103 de linux:<br \/>\r\n INSTRUC\u021aIUNI DE INSTALARE<br \/>\r\n 1.<br \/>\r\n  Pentru distribu\u021biile al c\u0103rui utilizator nu are privilegiu de administrator, iar privilegiul de administrator \u00eel are doar utilizatorul root, se va deschide un terminal \u0219i se vor folosi comenzile, \u00een urmatoarea ordine (cu men\u021biunea c\u0103 dup\u0103 comanda \"su\" se va cere parola utilizatorului administrator \"root\", care va trebui introdus\u0103 manual \u00een terminal, dup\u0103 care se vor relua, \u00een ordine comenzile):<br \/>\r\n  <br \/>\r\nsu<br \/>\r\ncd \/tmp<br \/>\r\nwget http:\/\/www.adevar.3x.ro\/Documente\/Evidenta_biserici_linux.zip<br \/>\r\nunzip Evidenta_biserici_linux.zip<br \/>\r\ncd Evidenta_biserici_linux<br \/>\r\nchmod 777 Instalare.sh<br \/>\r\n.\/Instalare.sh<br \/>\r\n<br \/>\r\n<br \/>\r\n2.<br \/>\r\n  Pentru distribu\u021biile bazate pe nucleul din Ubuntu (care folosesc sudo; o list\u0103 o pute\u021bi g\u0103si aici: http:\/\/en.wikipedia.org\/wiki\/List_of_Linux_distributions - Ubuntu based), se va deschide un terminal \u0219i se vor folosi comenzile, \u00een urmatoarea ordine (cu men\u021biunea c\u0103 dup\u0103 comanda care \u00eencepe cu \"sudo\", se va cere parola utilizatorului administrator; ea este doar un singura, setat\u0103 la instalarea sistemului de operare \u0219i va trebui introdusa manual \u00een terminal):<br \/>\r\n<br \/>\r\ncd \/tmp<br \/>\r\nwget http:\/\/www.adevar.3x.ro\/Documente\/Evidenta_biserici_linux.zip<br \/>\r\nunzip Evidenta_biserici_linux.zip<br \/>\r\ncd Evidenta_biserici_linux<br \/>\r\nsudo chmod 777 Instalare.sh<br \/>\r\nsudo sh Instalare.sh<br \/>\r\n<br \/>\r\n   Programul \"Eviden\u021b\u0103 biserici\" se va instala \u00een meniul \"Applications\" sau \"Aplica\u021bii\" sub categoria \"Educations\" sau \"Educa\u021bie\"<br \/>\r\n   O instalare mai simpl\u0103 ar fi copierea directorului .Evidenta_biserici \u00een directorul \/home\/\"utilizator\" \u0219i apoi simpla folosire din orice loc a fi\u0219ierului executabil EvidentaBiserici.jar<\/p>\r\n  <table border=\"0\">\r\n   \r\n   \r\n   <tr><td><strong>Platforms:<\/strong><\/td><td>Linux<\/td><\/tr>\r\n   <tr><td><strong>Cerin\u021be:<\/strong><\/td><td><a href=\"http:\/\/www.foxitsoftware.com\/pdf\/reader\/addons.php\" target=\"_blank\">PDF Reader<\/a>, <a href=\"http:\/\/www.java.com\/download\/\" target=\"_blank\">Java<\/a><\/td><\/tr>\r\n   \r\n   <tr><td><strong>Licen\u021ba:<\/strong><\/td><td>Freeware<\/td><\/tr>\r\n   <tr><td><strong>Data introducerii fi\u0219ierului:<\/strong><\/td><td>26 mai 2014<\/td><\/tr>\r\n   \n  <\/table>\r\n  <\/div>\r\n <\/div>\r\n <div class=\"wpfilebase-fileinfo\">\r\n  <strong>5.8 MiB<\/strong><br \/>\r\n<strong>658 Desc\u0103rc\u0103ri<\/strong><br \/>\r \n <\/div>\r\n <div style=\"clear: both;\"><\/div>\r\n<\/div>\n<\/div>\n\n","protected":false},"excerpt":{"rendered":"<p>&nbsp;Alte resurse<\/p>\n","protected":false},"author":1,"featured_media":0,"parent":0,"menu_order":0,"comment_status":"closed","ping_status":"closed","template":"","meta":{"_acf_changed":false,"ngg_post_thumbnail":0,"footnotes":""},"class_list":["post-471","page","type-page","status-publish","hentry"],"acf":[],"_links":{"self":[{"href":"https:\/\/www.harulmoldovaveche.ro\/index.php?rest_route=\/wp\/v2\/pages\/471","targetHints":{"allow":["GET"]}}],"collection":[{"href":"https:\/\/www.harulmoldovaveche.ro\/index.php?rest_route=\/wp\/v2\/pages"}],"about":[{"href":"https:\/\/www.harulmoldovaveche.ro\/index.php?rest_route=\/wp\/v2\/types\/page"}],"author":[{"embeddable":true,"href":"https:\/\/www.harulmoldovaveche.ro\/index.php?rest_route=\/wp\/v2\/users\/1"}],"replies":[{"embeddable":true,"href":"https:\/\/www.harulmoldovaveche.ro\/index.php?rest_route=%2Fwp%2Fv2%2Fcomments&post=471"}],"version-history":[{"count":14,"href":"https:\/\/www.harulmoldovaveche.ro\/index.php?rest_route=\/wp\/v2\/pages\/471\/revisions"}],"predecessor-version":[{"id":4052,"href":"https:\/\/www.harulmoldovaveche.ro\/index.php?rest_route=\/wp\/v2\/pages\/471\/revisions\/4052"}],"wp:attachment":[{"href":"https:\/\/www.harulmoldovaveche.ro\/index.php?rest_route=%2Fwp%2Fv2%2Fmedia&parent=471"}],"curies":[{"name":"wp","href":"https:\/\/api.w.org\/{rel}","templated":true}]}}