{"id":469,"date":"2012-10-02T19:33:20","date_gmt":"2012-10-02T16:33:20","guid":{"rendered":"http:\/\/localhost\/wordpress2\/?page_id=469"},"modified":"2024-02-21T20:13:11","modified_gmt":"2024-02-21T18:13:11","slug":"resurse-video","status":"publish","type":"page","link":"https:\/\/www.harulmoldovaveche.ro\/?page_id=469","title":{"rendered":"Resurse Video Biserica Harul Moldova Veche"},"content":{"rendered":"<p><img loading=\"lazy\" decoding=\"async\" src=\"wp-content\/imagini\/video.png\" alt=\"\" width=\"110\" height=\"110\" align=\"left\" \/><br \/>\n<span style=\"color: #667667; font-size: 250%;\">&nbsp;Resurse video<\/span><br \/>\n<\/p>\n<div class=\"dhtmlgoodies_question\" style =\"font-family: Times New Roman;\">\n<table width = \"100%\" height = \"100%\" border = 0>\n<tr width = \"100%\" height = \"100%\" align = \"center\" valign=\"middle\">GRUPUL DE LAUD\u0102 \u0218I \u00ceNCHINARE<\/tr>\n<\/table>\n<\/div>\n<div class=\"dhtmlgoodies_answer\">\n<div>\n<table style=\"width:100%\">\n<tr>\n<td>Tinerii Bisericii &#8220;Harul&#8221; Moldova Veche &#8211; Dumnezeu e t\u0103ria mea<\/td>\n<td>Tinerii Bisericii &#8220;Harul&#8221; Moldova Veche &#8211; S\u0103 venim s\u0103 ne-nchin\u0103m<\/td>\n<td>Tinerii Bisericii &#8220;Harul&#8221; Moldova Veche &#8211; Voi \u00een\u0103l\u021ba numele T\u0103u<\/td>\n<td>Tinerii Bisericii &#8220;Harul&#8221; Moldova Veche &#8211; Domnul \u00een ceruri domne\u0219te<\/td>\n<\/tr>\n<tr>\n<td><a href=\"http:\/\/www.youtube.com\/watch?v=uCbFdNWNaLo&#038;list=Xk70gdfcco4PCGnTF8bIn6fOyMUxPtTK\"><img loading=\"lazy\" decoding=\"async\" src=\"http:\/\/img.youtube.com\/vi\/uCbFdNWNaLo\/mqdefault.jpg\" height=\"190\" width=\"240\" alt=\"thumbnail\"\/><\/a><\/a><\/td>\n<td><a href=\"http:\/\/www.youtube.com\/watch?v=d5fCTkfUMDc&#038;list=Xk70gdfcco4PCGnTF8bIn6fOyMUxPtTK\"><img loading=\"lazy\" decoding=\"async\" src=\"http:\/\/img.youtube.com\/vi\/d5fCTkfUMDc\/mqdefault.jpg\" height=\"190\" width=\"240\" alt=\"thumbnail\"\/><\/a><\/a><\/td>\n<td><a href=\"http:\/\/www.youtube.com\/watch?v=b0xbK-i8orA&#038;list=Xk70gdfcco4PCGnTF8bIn6fOyMUxPtTK\"><img loading=\"lazy\" decoding=\"async\" src=\"http:\/\/img.youtube.com\/vi\/b0xbK-i8orA\/mqdefault.jpg\" height=\"190\" width=\"240\" alt=\"thumbnail\"\/><\/a><\/a><\/td>\n<td><a href=\"http:\/\/www.youtube.com\/watch?v=nbu2QGE7r-k&#038;list=Xk70gdfcco4PCGnTF8bIn6fOyMUxPtTK\"><img loading=\"lazy\" decoding=\"async\" src=\"http:\/\/img.youtube.com\/vi\/nbu2QGE7r-k\/mqdefault.jpg\" height=\"190\" width=\"240\" alt=\"thumbnail\"\/><\/a><\/a><\/td>\n<\/table>\n<p>\t\t<div id=\"youtube_gallery_1\" class=\"youtube_gallery\"><div class=\"youtube_gallery_center\">\n<div class=\"youtube_gallery_divider\"><\/div>\r\n<\/div><\/div>\r\n\r\n<div class=\"youtube_gallery_divider\"><\/div>\r\n\r\n\n\t<\/div>\n<\/div>\n<\/div>\n\n","protected":false},"excerpt":{"rendered":"<p>&nbsp;Resurse video GRUPUL DE LAUD\u0102 \u0218I \u00ceNCHINARE Tinerii Bisericii &#8220;Harul&#8221; Moldova Veche &#8211; Dumnezeu e t\u0103ria mea Tinerii Bisericii &#8220;Harul&#8221; Moldova Veche &#8211; S\u0103 venim s\u0103 ne-nchin\u0103m Tinerii Bisericii &#8220;Harul&#8221; Moldova Veche &#8211; Voi \u00een\u0103l\u021ba numele T\u0103u Tinerii Bisericii &#8220;Harul&#8221; &hellip; <a href=\"https:\/\/www.harulmoldovaveche.ro\/?page_id=469\">Continu\u0103 s\u0103 cite\u0219ti <span class=\"meta-nav\">&rarr;<\/span><\/a><\/p>\n","protected":false},"author":1,"featured_media":0,"parent":0,"menu_order":0,"comment_status":"closed","ping_status":"closed","template":"","meta":{"_acf_changed":false,"ngg_post_thumbnail":0,"footnotes":""},"class_list":["post-469","page","type-page","status-publish","hentry"],"acf":[],"_links":{"self":[{"href":"https:\/\/www.harulmoldovaveche.ro\/index.php?rest_route=\/wp\/v2\/pages\/469","targetHints":{"allow":["GET"]}}],"collection":[{"href":"https:\/\/www.harulmoldovaveche.ro\/index.php?rest_route=\/wp\/v2\/pages"}],"about":[{"href":"https:\/\/www.harulmoldovaveche.ro\/index.php?rest_route=\/wp\/v2\/types\/page"}],"author":[{"embeddable":true,"href":"https:\/\/www.harulmoldovaveche.ro\/index.php?rest_route=\/wp\/v2\/users\/1"}],"replies":[{"embeddable":true,"href":"https:\/\/www.harulmoldovaveche.ro\/index.php?rest_route=%2Fwp%2Fv2%2Fcomments&post=469"}],"version-history":[{"count":35,"href":"https:\/\/www.harulmoldovaveche.ro\/index.php?rest_route=\/wp\/v2\/pages\/469\/revisions"}],"predecessor-version":[{"id":4055,"href":"https:\/\/www.harulmoldovaveche.ro\/index.php?rest_route=\/wp\/v2\/pages\/469\/revisions\/4055"}],"wp:attachment":[{"href":"https:\/\/www.harulmoldovaveche.ro\/index.php?rest_route=%2Fwp%2Fv2%2Fmedia&parent=469"}],"curies":[{"name":"wp","href":"https:\/\/api.w.org\/{rel}","templated":true}]}}