{"id":429,"date":"2012-10-02T15:56:53","date_gmt":"2012-10-02T12:56:53","guid":{"rendered":"http:\/\/localhost\/wordpress2\/?page_id=429"},"modified":"2024-02-07T16:18:19","modified_gmt":"2024-02-07T14:18:19","slug":"proiect-cu-copii-bisericii","status":"publish","type":"page","link":"https:\/\/www.harulmoldovaveche.ro\/?page_id=429","title":{"rendered":"Proiect cu Copii Bisericii Harul Moldova Veche"},"content":{"rendered":"<p><img loading=\"lazy\" decoding=\"async\" src=\"wp-content\/imagini\/copii.gif\" alt=\"\" width=\"80\" height=\"100\" align=\"left\" \/><br \/>\n<span style=\"color: #667667; font-family: Arial; font-size: 250%;\">  &nbsp;Pagina Copiilor<\/span><br style =\"margin-bottom: 25px;\"><br \/>\n<span style=\"color: #858569; font-family: Times New Roman; font-size: 130%;\"><br \/>\n<!--\n&nbsp;&nbsp;&nbsp;&nbsp;Biserica noastr\u0103 deruleaz\u0103, dup\u0103 cum reiese \u0219i din programul s\u0103pt\u0103m\u00e2nal al bisericii, prezentat pe prima pagin\u0103, un proiect cu copiii, intitulat: \"C\u0103l\u0103torie biblic\u0103 pentru copii\" \u0219i care are loc \u00een fiecare S\u00e2mb\u0103t\u0103 \u00eentre orele: 11.00 - 13.00<br \/>\n&nbsp;&nbsp;&nbsp;&nbsp;La aceste activit\u0103\u021bi pot participa, at\u00e2t copiii ai c\u0103ror p\u0103rin\u021bi sunt membri ai bisericii noastre, c\u00e2t \u0219i copiii ai c\u0103ror p\u0103rin\u021bi nu fac parte din biserica noastr\u0103. Pentru cei interesa\u021bi ne pute\u021bi contacta, prin intermediul paginii de contact de pe site, sau pute\u021bi lua leg\u0103tura cu conducerea bisericii. <br \/>\n--><br \/>\n<\/span><br \/>\n<\/p>\n","protected":false},"excerpt":{"rendered":"<p>&nbsp;Pagina Copiilor<\/p>\n","protected":false},"author":1,"featured_media":0,"parent":0,"menu_order":0,"comment_status":"closed","ping_status":"closed","template":"","meta":{"_acf_changed":false,"ngg_post_thumbnail":0,"footnotes":""},"class_list":["post-429","page","type-page","status-publish","hentry"],"acf":[],"_links":{"self":[{"href":"https:\/\/www.harulmoldovaveche.ro\/index.php?rest_route=\/wp\/v2\/pages\/429","targetHints":{"allow":["GET"]}}],"collection":[{"href":"https:\/\/www.harulmoldovaveche.ro\/index.php?rest_route=\/wp\/v2\/pages"}],"about":[{"href":"https:\/\/www.harulmoldovaveche.ro\/index.php?rest_route=\/wp\/v2\/types\/page"}],"author":[{"embeddable":true,"href":"https:\/\/www.harulmoldovaveche.ro\/index.php?rest_route=\/wp\/v2\/users\/1"}],"replies":[{"embeddable":true,"href":"https:\/\/www.harulmoldovaveche.ro\/index.php?rest_route=%2Fwp%2Fv2%2Fcomments&post=429"}],"version-history":[{"count":29,"href":"https:\/\/www.harulmoldovaveche.ro\/index.php?rest_route=\/wp\/v2\/pages\/429\/revisions"}],"predecessor-version":[{"id":3926,"href":"https:\/\/www.harulmoldovaveche.ro\/index.php?rest_route=\/wp\/v2\/pages\/429\/revisions\/3926"}],"wp:attachment":[{"href":"https:\/\/www.harulmoldovaveche.ro\/index.php?rest_route=%2Fwp%2Fv2%2Fmedia&parent=429"}],"curies":[{"name":"wp","href":"https:\/\/api.w.org\/{rel}","templated":true}]}}