{"id":403,"date":"2012-10-02T11:55:16","date_gmt":"2012-10-02T08:55:16","guid":{"rendered":"http:\/\/localhost\/wordpress2\/?page_id=403"},"modified":"2016-02-24T14:03:56","modified_gmt":"2016-02-24T12:03:56","slug":"arhiva-evenimentelor","status":"publish","type":"page","link":"https:\/\/www.harulmoldovaveche.ro\/?page_id=403","title":{"rendered":"Arhiva Evenimentelor Bisericii &#8220;Harul&#8221; Moldova Veche"},"content":{"rendered":"<p><img loading=\"lazy\" decoding=\"async\" src=\"wp-content\/imagini\/arhiva.png\" alt=\"\" width=\"80\" height=\"80\" align=\"left\" \/><br \/>\n<span style=\"color: #667667; font-family: Arial; font-size: 250%;\">&nbsp;Arhiva evenimentelor<\/span><br \/>\n<div class=\"ezcol ezcol-one-fifth\"><div class=\"otw-sidebar otw-sidebar-4 otw-sidebar-vertical\"><\/div> <\/div> <div class=\"ezcol ezcol-four-fifth ezcol-last\">\n<span style=\"color: #858569; font-family: Times New Roman; font-size: 130%;\">&nbsp;&nbsp;&nbsp;&nbsp;\u00cen aceast\u0103 pagin\u0103 ve\u021bi putea g\u0103si articole mai vechi care au marcat evenimente \u00een biserica &#8220;Harul&#8221; din Moldova Veche. Articolele le pute\u021bi g\u0103si \u00een bara din st\u00e2nga, grupate \u00een func\u021bie de vechimea apari\u021biei lor, la sec\u021biunea &#8220;Arhiv\u0103&#8221;.<\/span><br \/>\n<\/div><div class=\"ezcol-divider\"><\/div> <\/p>\n","protected":false},"excerpt":{"rendered":"<p>&nbsp;Arhiva evenimentelor<\/p>\n","protected":false},"author":1,"featured_media":0,"parent":0,"menu_order":0,"comment_status":"closed","ping_status":"closed","template":"","meta":{"_acf_changed":false,"ngg_post_thumbnail":0,"footnotes":""},"class_list":["post-403","page","type-page","status-publish","hentry"],"acf":[],"_links":{"self":[{"href":"https:\/\/www.harulmoldovaveche.ro\/index.php?rest_route=\/wp\/v2\/pages\/403","targetHints":{"allow":["GET"]}}],"collection":[{"href":"https:\/\/www.harulmoldovaveche.ro\/index.php?rest_route=\/wp\/v2\/pages"}],"about":[{"href":"https:\/\/www.harulmoldovaveche.ro\/index.php?rest_route=\/wp\/v2\/types\/page"}],"author":[{"embeddable":true,"href":"https:\/\/www.harulmoldovaveche.ro\/index.php?rest_route=\/wp\/v2\/users\/1"}],"replies":[{"embeddable":true,"href":"https:\/\/www.harulmoldovaveche.ro\/index.php?rest_route=%2Fwp%2Fv2%2Fcomments&post=403"}],"version-history":[{"count":13,"href":"https:\/\/www.harulmoldovaveche.ro\/index.php?rest_route=\/wp\/v2\/pages\/403\/revisions"}],"predecessor-version":[{"id":1953,"href":"https:\/\/www.harulmoldovaveche.ro\/index.php?rest_route=\/wp\/v2\/pages\/403\/revisions\/1953"}],"wp:attachment":[{"href":"https:\/\/www.harulmoldovaveche.ro\/index.php?rest_route=%2Fwp%2Fv2%2Fmedia&parent=403"}],"curies":[{"name":"wp","href":"https:\/\/api.w.org\/{rel}","templated":true}]}}