{"id":3938,"date":"2024-02-07T16:52:44","date_gmt":"2024-02-07T14:52:44","guid":{"rendered":"https:\/\/www.harulmoldovaveche.ro\/?page_id=3938"},"modified":"2024-02-21T20:21:49","modified_gmt":"2024-02-21T18:21:49","slug":"asociatia-harul-moldova-veche","status":"publish","type":"page","link":"https:\/\/www.harulmoldovaveche.ro\/?page_id=3938","title":{"rendered":"Asocia\u021bia &#8220;Harul&#8221; Moldova Veche"},"content":{"rendered":"<p><img loading=\"lazy\" decoding=\"async\" src=\"wp-content\/imagini\/cross2.png\" alt=\"\" width=\"80\" height=\"80\" align=\"left\" \/><br \/>\n<span style=\"color: #667667; font-family: Arial; font-size: 250%;\">Asocia\u021bia &#8220;Harul&#8221; Moldova Veche<\/span><br \/>\n<br \/>\n&nbsp;&nbsp;&nbsp;&nbsp;\u00cencep\u00e2nd cu anul 2022 am \u00eenfiin\u021bat o asocia\u021bie nonprofit, prin care oferim, cu ajutorul unor profesori voluntari, un program s\u0103pt\u0103m\u00e2nal de \u201eafter school\u201d, pentru copiii proveni\u021bi din familii nevoia\u0219e.<\/br><br \/>\n<\/span><br \/>\n<span style=\"color: #858569; font-family: Times New Roman; font-size: 160%;\"><br \/>\nGALERIE FOTO:<br \/>\n<\/span><br \/>\n\t<!-- Gallery Engine Assets -->\r\n\t<style>\r\n\t\t#image_gallery_wrap_4035 {\r\n            --ig-gutter: 8px;\r\n            --ig-cols-lg: 6;\r\n            --ig-cols-md: 4;\r\n            --ig-cols-sm: 3;\r\n            --ig-cols-xs: 2;\r\n            \r\n            \/* Dynamic Border Variables *\/\r\n                        --ig-radius: 8px;\r\n            --ig-card-radius: 8px;\r\n            --ig-card-padding: 8px;\r\n\r\n\r\n        }\r\n\t<\/style>\r\n        <div id=\"image_gallery_wrap_4035\" \r\n        class=\"ig-gallery-outer-wrap ig-layout-masonry\" \r\n        data-layout=\"masonry\" \r\n        data-lb-loop=\"1\" \r\n        data-lb-label=\"Image %1 of %2\"\r\n        data-version=\"2.0.1\">\r\n\r\n    <div id=\"image_gallery_4035\" \n         class=\"ig-row igp-gallery all-images_4035\">\n        <div class=\"grid-sizer\"><\/div>\n                        <div class=\"ig-col single-image igp-item ig-col-lg-2 ig-col-md-3 ig-col-sm-4 ig-col-xs-6\" data-index=\"0\">\n            <div class=\"ig-image-card igp-card ig-has-card-border hvr-glow\">\n                                    <a class=\"ig-lightbox-item\" href=\"https:\/\/www.harulmoldovaveche.ro\/wp-content\/uploads\/2024\/02\/Img6-2.jpeg\" data-lightbox=\"ig-gallery-4035\" data-title=\"\" data-width=\"1600\" data-height=\"1200\">\n                                    \n\n\n                    <div class=\"ig-image-container\">\n                        <img loading=\"lazy\" decoding=\"async\" width=\"150\" height=\"150\" src=\"https:\/\/www.harulmoldovaveche.ro\/wp-content\/uploads\/2024\/02\/Img6-2-150x150.jpeg\" class=\"ig-thumbnail loading\" alt=\"\" \/>                        \n                                            <\/div>\n\n\n\n                                    <\/a>\n                            <\/div>\n\n        <\/div>\n                        <div class=\"ig-col single-image igp-item ig-col-lg-2 ig-col-md-3 ig-col-sm-4 ig-col-xs-6\" data-index=\"1\">\n            <div class=\"ig-image-card igp-card ig-has-card-border hvr-glow\">\n                                    <a class=\"ig-lightbox-item\" href=\"https:\/\/www.harulmoldovaveche.ro\/wp-content\/uploads\/2024\/02\/Img4-2.jpeg\" data-lightbox=\"ig-gallery-4035\" data-title=\"\" data-width=\"1600\" data-height=\"720\">\n                                    \n\n\n                    <div class=\"ig-image-container\">\n                        <img loading=\"lazy\" decoding=\"async\" width=\"150\" height=\"150\" src=\"https:\/\/www.harulmoldovaveche.ro\/wp-content\/uploads\/2024\/02\/Img4-2-150x150.jpeg\" class=\"ig-thumbnail loading\" alt=\"\" \/>                        \n                                            <\/div>\n\n\n\n                                    <\/a>\n                            <\/div>\n\n        <\/div>\n                        <div class=\"ig-col single-image igp-item ig-col-lg-2 ig-col-md-3 ig-col-sm-4 ig-col-xs-6\" data-index=\"2\">\n            <div class=\"ig-image-card igp-card ig-has-card-border hvr-glow\">\n                                    <a class=\"ig-lightbox-item\" href=\"https:\/\/www.harulmoldovaveche.ro\/wp-content\/uploads\/2024\/02\/Img5-2.jpeg\" data-lightbox=\"ig-gallery-4035\" data-title=\"\" data-width=\"1600\" data-height=\"739\">\n                                    \n\n\n                    <div class=\"ig-image-container\">\n                        <img loading=\"lazy\" decoding=\"async\" width=\"150\" height=\"150\" src=\"https:\/\/www.harulmoldovaveche.ro\/wp-content\/uploads\/2024\/02\/Img5-2-150x150.jpeg\" class=\"ig-thumbnail loading\" alt=\"\" \/>                        \n                                            <\/div>\n\n\n\n                                    <\/a>\n                            <\/div>\n\n        <\/div>\n                        <div class=\"ig-col single-image igp-item ig-col-lg-2 ig-col-md-3 ig-col-sm-4 ig-col-xs-6\" data-index=\"3\">\n            <div class=\"ig-image-card igp-card ig-has-card-border hvr-glow\">\n                                    <a class=\"ig-lightbox-item\" href=\"https:\/\/www.harulmoldovaveche.ro\/wp-content\/uploads\/2024\/02\/Img2-2.jpeg\" data-lightbox=\"ig-gallery-4035\" data-title=\"\" data-width=\"1200\" data-height=\"1600\">\n                                    \n\n\n                    <div class=\"ig-image-container\">\n                        <img loading=\"lazy\" decoding=\"async\" width=\"150\" height=\"150\" src=\"https:\/\/www.harulmoldovaveche.ro\/wp-content\/uploads\/2024\/02\/Img2-2-150x150.jpeg\" class=\"ig-thumbnail loading\" alt=\"\" \/>                        \n                                            <\/div>\n\n\n\n                                    <\/a>\n                            <\/div>\n\n        <\/div>\n                        <div class=\"ig-col single-image igp-item ig-col-lg-2 ig-col-md-3 ig-col-sm-4 ig-col-xs-6\" data-index=\"4\">\n            <div class=\"ig-image-card igp-card ig-has-card-border hvr-glow\">\n                                    <a class=\"ig-lightbox-item\" href=\"https:\/\/www.harulmoldovaveche.ro\/wp-content\/uploads\/2024\/02\/Img3-2.jpeg\" data-lightbox=\"ig-gallery-4035\" data-title=\"\" data-width=\"1600\" data-height=\"739\">\n                                    \n\n\n                    <div class=\"ig-image-container\">\n                        <img loading=\"lazy\" decoding=\"async\" width=\"150\" height=\"150\" src=\"https:\/\/www.harulmoldovaveche.ro\/wp-content\/uploads\/2024\/02\/Img3-2-150x150.jpeg\" class=\"ig-thumbnail loading\" alt=\"\" \/>                        \n                                            <\/div>\n\n\n\n                                    <\/a>\n                            <\/div>\n\n        <\/div>\n                        <div class=\"ig-col single-image igp-item ig-col-lg-2 ig-col-md-3 ig-col-sm-4 ig-col-xs-6\" data-index=\"5\">\n            <div class=\"ig-image-card igp-card ig-has-card-border hvr-glow\">\n                                    <a class=\"ig-lightbox-item\" href=\"https:\/\/www.harulmoldovaveche.ro\/wp-content\/uploads\/2024\/02\/Img1-2.jpeg\" data-lightbox=\"ig-gallery-4035\" data-title=\"\" data-width=\"1600\" data-height=\"1200\">\n                                    \n\n\n                    <div class=\"ig-image-container\">\n                        <img loading=\"lazy\" decoding=\"async\" width=\"150\" height=\"150\" src=\"https:\/\/www.harulmoldovaveche.ro\/wp-content\/uploads\/2024\/02\/Img1-2-150x150.jpeg\" class=\"ig-thumbnail loading\" alt=\"\" \/>                        \n                                            <\/div>\n\n\n\n                                    <\/a>\n                            <\/div>\n\n        <\/div>\n            <\/div>\n\n\n\n        <\/div><\/p>\n","protected":false},"excerpt":{"rendered":"<p>Asocia\u021bia &#8220;Harul&#8221; Moldova Veche &nbsp;&nbsp;&nbsp;&nbsp;\u00cencep\u00e2nd cu anul 2022 am \u00eenfiin\u021bat o asocia\u021bie nonprofit, prin care oferim, cu ajutorul unor profesori voluntari, un program s\u0103pt\u0103m\u00e2nal de \u201eafter school\u201d, pentru copiii proveni\u021bi din familii nevoia\u0219e. GALERIE FOTO:<\/p>\n","protected":false},"author":1,"featured_media":0,"parent":0,"menu_order":0,"comment_status":"closed","ping_status":"closed","template":"","meta":{"_acf_changed":false,"ngg_post_thumbnail":0,"footnotes":""},"class_list":["post-3938","page","type-page","status-publish","hentry"],"acf":[],"_links":{"self":[{"href":"https:\/\/www.harulmoldovaveche.ro\/index.php?rest_route=\/wp\/v2\/pages\/3938","targetHints":{"allow":["GET"]}}],"collection":[{"href":"https:\/\/www.harulmoldovaveche.ro\/index.php?rest_route=\/wp\/v2\/pages"}],"about":[{"href":"https:\/\/www.harulmoldovaveche.ro\/index.php?rest_route=\/wp\/v2\/types\/page"}],"author":[{"embeddable":true,"href":"https:\/\/www.harulmoldovaveche.ro\/index.php?rest_route=\/wp\/v2\/users\/1"}],"replies":[{"embeddable":true,"href":"https:\/\/www.harulmoldovaveche.ro\/index.php?rest_route=%2Fwp%2Fv2%2Fcomments&post=3938"}],"version-history":[{"count":9,"href":"https:\/\/www.harulmoldovaveche.ro\/index.php?rest_route=\/wp\/v2\/pages\/3938\/revisions"}],"predecessor-version":[{"id":4062,"href":"https:\/\/www.harulmoldovaveche.ro\/index.php?rest_route=\/wp\/v2\/pages\/3938\/revisions\/4062"}],"wp:attachment":[{"href":"https:\/\/www.harulmoldovaveche.ro\/index.php?rest_route=%2Fwp%2Fv2%2Fmedia&parent=3938"}],"curies":[{"name":"wp","href":"https:\/\/api.w.org\/{rel}","templated":true}]}}