{"id":327,"date":"2012-09-29T22:47:40","date_gmt":"2012-09-29T19:47:40","guid":{"rendered":"http:\/\/localhost\/wordpress2\/?page_id=327"},"modified":"2024-02-21T20:09:25","modified_gmt":"2024-02-21T18:09:25","slug":"pagina-pastorului-2","status":"publish","type":"page","link":"https:\/\/www.harulmoldovaveche.ro\/?page_id=327","title":{"rendered":"Pagina P\u0103storilor Bisericii Harul Moldova Veche"},"content":{"rendered":"<p><img loading=\"lazy\" decoding=\"async\" src=\"wp-content\/imagini\/porumbel.png\" alt=\"\" width=\"80\" height=\"80\" align=\"left\" \/><br \/>\n<span style=\"color: #667667; font-family: Arial; font-size: 250%;\"> Pagina p\u0103storilor<\/span><br \/>\n<div class=\"ezcol ezcol-one-fifth\"><div class=\"otw-sidebar otw-sidebar-1 otw-sidebar-vertical\"><\/div> <\/div><div class=\"ezcol ezcol-two-fifth\"><\/div><br \/>\n&nbsp;&nbsp;&nbsp;&nbsp;<span style=\"font-family: Times New Roman;font-weight: bold; font-size: 170%;\">Pastor Nelu Damian &#8211; p\u0103storul coordonator al bisericii<\/span><br \/>\n&nbsp;&nbsp;&nbsp;&nbsp;&nbsp;&nbsp;&nbsp;&nbsp;A fost ales ca p\u0103stor al Bisericii Baptiste &#8220;Harul&#8221; Moldova Veche \u00een anul 1998. Este c\u0103s\u0103torit cu sora Carmen \u0219i au \u00eempreun\u0103 trei copii:<\/p>\n<p style=\"margin-left: 35%; margin-top: 1%;\">\n1.  Daniel<br \/>\n2.  Damaris<br \/>\n3.  Denisa<\/span>\n<\/p>\n<p>&nbsp;&nbsp;&nbsp;&nbsp;&nbsp;&nbsp;&nbsp;&nbsp;Adresa de email a pastorului coordonator Nelu Damian este: neludamian@yahoo.com<br \/>\n&nbsp;&nbsp;&nbsp;&nbsp;<span style=\"font-family: Times New Roman;font-weight: bold; font-size: 170%;\">Pastor asistent Ignu\u021ba Claudiu Adrian<\/span><br \/>\n&nbsp;&nbsp;&nbsp;&nbsp;&nbsp;&nbsp;&nbsp;&nbsp;A fost ales ca p\u0103stor asistent al bisericii \u00een anul 2016. Este c\u0103s\u0103torit cu sora Corina \u0219i au \u00eempreun\u0103 trei copii:<\/p>\n<p style=\"margin-left: 35%; margin-top: 1%;\">\n1.  Carisa<br \/>\n2.  Caleb<br \/>\n3.  Cristian<\/span>\n<\/p>\n<p>&nbsp;&nbsp;&nbsp;&nbsp;&nbsp;&nbsp;&nbsp;&nbsp;Adresa de email a pastorului asistent Ignu\u021ba Claudiu Adrian este: romanianpastor@gmail.com<\/p>\n<div class=\"container-1\"><\/div>\n<p><div class=\"ezcol ezcol-two-fifth ezcol-last\"><\/div><div class=\"ezcol-divider\"><\/div><br \/>\n<\/p>\n","protected":false},"excerpt":{"rendered":"<p>Pagina p\u0103storilor &nbsp;&nbsp;&nbsp;&nbsp;Pastor Nelu Damian &#8211; p\u0103storul coordonator al bisericii &nbsp;&nbsp;&nbsp;&nbsp;&nbsp;&nbsp;&nbsp;&nbsp;A fost ales ca p\u0103stor al Bisericii Baptiste &#8220;Harul&#8221; Moldova Veche \u00een anul 1998. Este c\u0103s\u0103torit cu sora Carmen \u0219i au \u00eempreun\u0103 trei copii: 1. Daniel 2. Damaris 3. Denisa &hellip; <a href=\"https:\/\/www.harulmoldovaveche.ro\/?page_id=327\">Continu\u0103 s\u0103 cite\u0219ti <span class=\"meta-nav\">&rarr;<\/span><\/a><\/p>\n","protected":false},"author":6,"featured_media":0,"parent":0,"menu_order":0,"comment_status":"closed","ping_status":"closed","template":"","meta":{"_acf_changed":false,"ngg_post_thumbnail":0,"footnotes":""},"class_list":["post-327","page","type-page","status-publish","hentry"],"acf":[],"_links":{"self":[{"href":"https:\/\/www.harulmoldovaveche.ro\/index.php?rest_route=\/wp\/v2\/pages\/327","targetHints":{"allow":["GET"]}}],"collection":[{"href":"https:\/\/www.harulmoldovaveche.ro\/index.php?rest_route=\/wp\/v2\/pages"}],"about":[{"href":"https:\/\/www.harulmoldovaveche.ro\/index.php?rest_route=\/wp\/v2\/types\/page"}],"author":[{"embeddable":true,"href":"https:\/\/www.harulmoldovaveche.ro\/index.php?rest_route=\/wp\/v2\/users\/6"}],"replies":[{"embeddable":true,"href":"https:\/\/www.harulmoldovaveche.ro\/index.php?rest_route=%2Fwp%2Fv2%2Fcomments&post=327"}],"version-history":[{"count":39,"href":"https:\/\/www.harulmoldovaveche.ro\/index.php?rest_route=\/wp\/v2\/pages\/327\/revisions"}],"predecessor-version":[{"id":4049,"href":"https:\/\/www.harulmoldovaveche.ro\/index.php?rest_route=\/wp\/v2\/pages\/327\/revisions\/4049"}],"wp:attachment":[{"href":"https:\/\/www.harulmoldovaveche.ro\/index.php?rest_route=%2Fwp%2Fv2%2Fmedia&parent=327"}],"curies":[{"name":"wp","href":"https:\/\/api.w.org\/{rel}","templated":true}]}}