{"id":220,"date":"2012-09-28T22:26:00","date_gmt":"2012-09-28T19:26:00","guid":{"rendered":"http:\/\/localhost\/wordpress2\/?page_id=220"},"modified":"2024-02-21T20:13:40","modified_gmt":"2024-02-21T18:13:40","slug":"istoric","status":"publish","type":"page","link":"https:\/\/www.harulmoldovaveche.ro\/?page_id=220","title":{"rendered":"Istoria Bisericii Harul Moldova Veche"},"content":{"rendered":"<p><img loading=\"lazy\" decoding=\"async\" src=\"wp-content\/imagini\/istoric.png\" alt=\"\" width=\"100\" height=\"100\" align=\"left\" \/><br \/>\n<span style=\"color: #667667; font-size: 250%;\"> \u00a0Istoric<\/span><\/p>\n<p>&nbsp;&nbsp;&nbsp;&nbsp;&nbsp;&nbsp;&nbsp;&nbsp;&nbsp;&nbsp;&nbsp;&nbsp;<span style=\"font-family: Times New Roman;font-weight: bold; font-size: 150%;\">Istoricul pe scurt:<\/span><br \/>\n&nbsp;&nbsp;&nbsp;&nbsp;&nbsp;\u00cenceputurile \u2013 anul 1927.<br \/>\n&nbsp;&nbsp;&nbsp;&nbsp;&nbsp;\u00cenchis\u0103 \u00een perioada anilor 1940 \u2013 1944.<br \/>\n&nbsp;&nbsp;&nbsp;&nbsp;&nbsp;Prima construc\u021bie de biseric\u0103 dup\u0103 mut\u0103ri successive \u00een diferite case \u2013 1967.<br \/>\n&nbsp;&nbsp;&nbsp;&nbsp;&nbsp;Actuala cl\u0103dire a bisericii finalizat\u0103 \u00een anul \u2013 2001.<br \/>\n&nbsp;&nbsp;&nbsp;&nbsp;&nbsp;Num\u0103rul pastorilor care au slujit biserica \u2013 6<br \/>\n&nbsp;&nbsp;&nbsp;&nbsp;&nbsp;Pastorul actual \u2013 Damian Ion <br \/>\n&nbsp;&nbsp;&nbsp;&nbsp;&nbsp;&nbsp;&nbsp;&nbsp;&nbsp;&nbsp;&nbsp;&nbsp;<span style=\"font-family: Times New Roman;font-weight: bold; font-size: 150%;\">Istoricul Bisericii Baptiste &#8220;Harul&#8221; Din Localitatea Moldova Veche<\/span><br \/>\n&nbsp;&nbsp;&nbsp;Moldova Veche este o localitate din Clisura Dun\u0103rii, Jude\u021bul Cara\u0219-Severin, Banat, Rom\u00e2nia, fiind situat\u0103 la 4 Km sud de ora\u0219ul Moldova Nou\u0103, chiar pe malul Dun\u0103rii. Numele str\u0103vechi al a\u0219ez\u0103rii era Mudava, provenit de la cetatea dacic\u0103 cu acela\u0219i nume. Documentele istorice atest\u0103 existen\u021ba acestui \u021binut \u00eenc\u0103 din anul 463 \u00ee.d. Hr., fiind locuit de daci \u0219i ge\u021bi. Localitatea a beneficiat de o a\u0219ezare strategic\u0103, fiind port la Dun\u0103re, dar \u0219i poart\u0103 de intrare a romanilor \u00een Dacia.<br \/>\n&nbsp;&nbsp;&nbsp;At\u00e2t \u00een Moldova Veche, c\u00e2t \u0219i \u00een celelalte localit\u0103\u021bi s\u00e2rbe\u0219ti din Clisura Dun\u0103rii, credin\u021ba baptist\u0103 a p\u0103truns oarecum mai greu, deoarece spectrul religios din zon\u0103 era caracterizat \u0219i de prezen\u021ba unor credincio\u0219i nazarineni. Cu toate vicisitudinile vremii, faptul care conteaz\u0103 e c\u0103 \u00een Moldova Veche si \u00een \u00eenc\u0103 c\u00e2teva localit\u0103\u021bi din Clisura Dun\u0103rii exist\u0103 fra\u021bi cre\u0219tini bapti\u0219ti s\u00e2rbi.<br \/>\n&nbsp;&nbsp;&nbsp;In Moldova Veche primul care a adus credin\u021ba baptist\u0103 a fost Stefanovici Iva, care s-a botezat la Deva \u00een anul 1927. Impreun\u0103 cu so\u021bia lui Anca s-au \u00eentors \u00een Moldova Veche \u0219i al\u0103turi de Buriman Constantin, un credincios baptist din Coronini au \u00eenceput s\u0103 predice Evanghelia printre rom\u00e2nii de etnie s\u00e2rb\u0103. \u00cen urma lucr\u0103rii lor s-a convertit Marcovici Mladen care \u0219i-a pus casa la dispozi\u021bie pentru desf\u0103\u0219urarea slujbelor religioase. \u00cen  perioada anilor `30, biserica a beneficiat de ajutorul pastoral al fratelui Ilie Craioveanu, care din anul 1921 p\u0103storea Biserica din Moldova Nou\u0103.<br \/>\n&nbsp;&nbsp;&nbsp; \u00cen anul 1939, se produce \u00eentoarcerea la Dumnezeu a fratelui Antici Mladen, care devine \u00een scurt timp \u0219i conduc\u0103tor al bisericii. Chiar \u0219i \u00een perioada de persecu\u021bie din 1940 \u2013 1944, comunitatea fra\u021bilor cre\u0219tini bapti\u0219ti din Moldova Veche, a r\u0103mas \u00een unitate, iar \u00een anul 1946 are loc primul botez la Moldova Veche, \u00een apa Dun\u0103rii.<br \/>\n&nbsp;&nbsp;&nbsp;Acest eveniment special pentru biseric\u0103 a fost marcat de prezen\u021ba fanfarei din Naid\u0103\u0219, iar c\u00e2\u0219tigul cel mai mare a constat \u00een faptul c\u0103 mesajul Evangheliei a fost predicat de pastorii Meil\u0103 Sorescu \u0219i Ion Scobercea, care au fost tradu\u0219i \u00een limba s\u00e2rb\u0103 de pastorul Jora Novicici.<br \/>\n&nbsp;&nbsp;&nbsp;\u00cen anul 1957, biserica il alege pastor pe fratele Ra\u021b\u0103 Nicolae.<br \/>\n&nbsp;&nbsp;&nbsp;\u00cen anul 1961, odat\u0103 cu arondarea, biserica devine filial\u0103 a bisericii din Moldova Nou\u0103. \u00cen aceast\u0103 perioad\u0103 diaconul bisericii a fost fratele Antici Tomislav.<br \/>\n&nbsp;&nbsp;&nbsp;\u00cen anul 1966 ia fiin\u021b\u0103 orchestra bisericii, iar \u00een anul 1967 dup\u0103 ce locul de \u00eenchinare a trecut prin mut\u0103ri succesive, biserica ia decizia de a construi un loca\u0219 de cult. Dumnezeu a r\u0103spuns rug\u0103ciunilor fra\u021bilor care au construit noul loca\u0219 de cult, pe terenul de cas\u0103, cedat bisericii de fratele diacon Iuliu Cosa\u0219.<br \/>\n&nbsp;&nbsp;&nbsp;\u00cen perioada anilor1980 \u2013 1990, biserica este p\u0103storit\u0103 de fratele p\u0103stor Vr\u00e2ncu\u021ba Ioan.<br \/>\n&nbsp;&nbsp;&nbsp;\u00cen perioada anilor 1990 \u2013 1997, biserica este p\u0103storit\u0103 de fratele p\u0103stor Copriva Adolf.<br \/>\n&nbsp;&nbsp;&nbsp;Din anul 1998, biserica este p\u0103storit\u0103 de fratele p\u0103stor Damian Ion.<br \/>\n&nbsp;&nbsp;&nbsp;\u00cen anul 2001 s-a terminat construc\u021bia l\u0103ca\u0219ului de cult actual, iar momentul de dedicare \u00een slujire, de sfin\u021bire a Bisericii a fost la data de 28  Octombrie 2001.<br \/>\n&nbsp;&nbsp;&nbsp;\u00cen anul 2011 a fost inaugurat\u0103 cl\u0103direa anex\u0103 a bisericii, \u00een care a func\u021bionat cantina bisericii, oferindu-se s\u0103pt\u0103m\u00e2nal c\u00e2te o mas\u0103 cald\u0103 persoanelor nevoia\u0219e, p\u00e2n\u0103 \u00een perioada pandemiei de covid-19. \u00cencep\u00e2nd cu anul 2022 am \u00eenfiin\u021bat o asocia\u021bie nonprofit, prin care oferim, cu ajutorul unor profesori voluntari, un program s\u0103pt\u0103m\u00e2nal de &#8220;after school&#8221;, pentru copiii proveni\u021bi din familii nevoia\u0219e.<br \/>\n&nbsp;&nbsp;&nbsp;\u00cencep\u00e2nd cu anul 2016 biserica l-a ales pe fratele Ignu\u021ba Claudiu ca \u0219i p\u0103stor asistent al bisericii, care sluje\u0219te \u00eempreun\u0103 cu fratele p\u0103stor Nelu Damian, p\u0103storul coordonator al bisericii.<br \/>\n<\/p>\n","protected":false},"excerpt":{"rendered":"<p>\u00a0Istoric &nbsp;&nbsp;&nbsp;&nbsp;&nbsp;&nbsp;&nbsp;&nbsp;&nbsp;&nbsp;&nbsp;&nbsp;Istoricul pe scurt: &nbsp;&nbsp;&nbsp;&nbsp;&nbsp;\u00cenceputurile \u2013 anul 1927. &nbsp;&nbsp;&nbsp;&nbsp;&nbsp;\u00cenchis\u0103 \u00een perioada anilor 1940 \u2013 1944. &nbsp;&nbsp;&nbsp;&nbsp;&nbsp;Prima construc\u021bie de biseric\u0103 dup\u0103 mut\u0103ri successive \u00een diferite case \u2013 1967. &nbsp;&nbsp;&nbsp;&nbsp;&nbsp;Actuala cl\u0103dire a bisericii finalizat\u0103 \u00een anul \u2013 2001. &nbsp;&nbsp;&nbsp;&nbsp;&nbsp;Num\u0103rul pastorilor care au &hellip; <a href=\"https:\/\/www.harulmoldovaveche.ro\/?page_id=220\">Continu\u0103 s\u0103 cite\u0219ti <span class=\"meta-nav\">&rarr;<\/span><\/a><\/p>\n","protected":false},"author":1,"featured_media":0,"parent":0,"menu_order":0,"comment_status":"closed","ping_status":"open","template":"","meta":{"_acf_changed":false,"ngg_post_thumbnail":0,"footnotes":""},"class_list":["post-220","page","type-page","status-publish","hentry"],"acf":[],"_links":{"self":[{"href":"https:\/\/www.harulmoldovaveche.ro\/index.php?rest_route=\/wp\/v2\/pages\/220","targetHints":{"allow":["GET"]}}],"collection":[{"href":"https:\/\/www.harulmoldovaveche.ro\/index.php?rest_route=\/wp\/v2\/pages"}],"about":[{"href":"https:\/\/www.harulmoldovaveche.ro\/index.php?rest_route=\/wp\/v2\/types\/page"}],"author":[{"embeddable":true,"href":"https:\/\/www.harulmoldovaveche.ro\/index.php?rest_route=\/wp\/v2\/users\/1"}],"replies":[{"embeddable":true,"href":"https:\/\/www.harulmoldovaveche.ro\/index.php?rest_route=%2Fwp%2Fv2%2Fcomments&post=220"}],"version-history":[{"count":20,"href":"https:\/\/www.harulmoldovaveche.ro\/index.php?rest_route=\/wp\/v2\/pages\/220\/revisions"}],"predecessor-version":[{"id":4056,"href":"https:\/\/www.harulmoldovaveche.ro\/index.php?rest_route=\/wp\/v2\/pages\/220\/revisions\/4056"}],"wp:attachment":[{"href":"https:\/\/www.harulmoldovaveche.ro\/index.php?rest_route=%2Fwp%2Fv2%2Fmedia&parent=220"}],"curies":[{"name":"wp","href":"https:\/\/api.w.org\/{rel}","templated":true}]}}