{"id":188,"date":"2012-09-28T19:12:46","date_gmt":"2012-09-28T16:12:46","guid":{"rendered":"http:\/\/localhost\/wordpress2\/?page_id=188"},"modified":"2024-02-21T20:08:21","modified_gmt":"2024-02-21T18:08:21","slug":"comitetul-bisericii","status":"publish","type":"page","link":"https:\/\/www.harulmoldovaveche.ro\/?page_id=188","title":{"rendered":"Comitetul Bisericii Baptiste Harul Moldova Veche"},"content":{"rendered":"<p><img loading=\"lazy\" decoding=\"async\" src=\"wp-content\/imagini\/Comitet.png\" alt=\"\" width=\"80\" height=\"80\" align=\"left\" \/><br \/>\n<span style=\"color: #667667; font-family: Arial; font-size: 250%;\">&nbsp;Comitet<\/span><\/p>\n<p>&nbsp;&nbsp;&nbsp;&nbsp;&nbsp;&nbsp;Comitetul este at\u00e2t o \u00eemplinire a Cuv\u00e2ntului Lui Dumnezeu (Noul Testament), c\u00e2t \u0219i o obliga\u021bie statutar\u0103:<br \/>\n<i>Faptele Apostolilor 20:17-18, 28 \u201ePavel a trimis la Efes \u0219i a chemat pe <span style=\"font-family: Times New Roman;font-weight: bold; font-size: 110%;\">presbiterii bisericii<\/span>\u2026 le-a zis: \u201eLua\u021bi seama dar la toat\u0103 turma peste care v-a pus Duhul Sf\u00e2nt episcopi, ca <span style=\"font-family: Times New Roman;font-weight: bold; font-size: 110%;\">s\u0103 p\u0103stori\u021bi<\/span> Biserica Domnului.\u201d<\/i><br \/>\n&nbsp;&nbsp;&nbsp;&nbsp;&nbsp;&nbsp;Un alt exemplu:<br \/>\n<i>Filipeni. 1:1 \u201eC\u0103tre to\u021bi sfin\u021bii\u2026 care sunt \u00een Filipi, \u00eempreun\u0103 cu <span style=\"font-family: Times New Roman;font-weight: bold; font-size: 110%;\">episcopii \u0219i diaconii<\/span>.\u201d<\/i><br \/>\n&nbsp;&nbsp;&nbsp;Metoda alegerii este ar\u0103tat\u0103 prin cuv\u00e2ntul grec \u201eXeirotonia\u201d \u2013 tradus c\u00e2teodat\u0103 \u201er\u00e2nduit\u201d \u2013 care \u00eenseamn\u0103 \u201ea vota cu ridicare de m\u00e2n\u0103\u201d.<br \/>\n&nbsp;&nbsp;&nbsp;&nbsp;&nbsp;&nbsp;Aceast\u0103 alegere se face de Biserica adunat\u0103 \u00een acest scop.<br \/>\n       <i> Faptele Apostolilor 14:23 \u201eAu r\u00e2nduit presbiteri \u00een fiecare Biseric\u0103\u201d<\/i><br \/>\n &nbsp;&nbsp;&nbsp;&nbsp;&nbsp;&nbsp;Comitetul bisericii \u201cHarul\u201d Moldova Veche, este format din \u0219ase membri \u0219i pastorul bisericii, adic\u0103 \u00een total \u0219apte membri:<\/p>\n<p style=\"margin-left: 20%; margin-top: 5%;\">\n1.  Damian Ion \u2013 <span style=\"font-family: Times New Roman;font-weight: bold; font-size: 110%;\">pastor<\/span><br \/>\n2.  Ignu\u021ba Claudiu \u2013 <span style=\"font-family: Times New Roman;font-weight: bold; font-size: 110%;\">pastor asistent<\/span><br \/>\n3.  Creinicean D\u0103nu\u021b \u2013 <span style=\"font-family: Times New Roman;font-weight: bold; font-size: 110%;\">diacon<\/span><br \/>\n4.  Horvat Gheorghe \u2013 <span style=\"font-family: Times New Roman;font-weight: bold; font-size: 110%;\">secretar<\/span><br \/>\n5.  Turcin Gheorghe \u2013 <span style=\"font-family: Times New Roman;font-weight: bold; font-size: 110%;\">membru<\/span><br \/>\n<!--\n6.  Lissi Adrian \u2013 <span style=\"font-family: Times New Roman;font-weight: bold; font-size: 110%;\">membru<\/span>\n-->\n<\/p>\n<p>&nbsp;&nbsp;&nbsp;&nbsp;&nbsp;&nbsp; Adun\u0103rile comitetului au loc ori de c\u00e2te ori situa\u021bia impune.<br \/>\n&nbsp;&nbsp;&nbsp;&nbsp;&nbsp;&nbsp;Comitetul este ales \u0219i \u00eens\u0103rcinat de Adunarea General\u0103 anual\u0103 cu atribu\u021bii de conducere, administrative \u0219i \u00eendrumare spiritual\u0103.<br \/>\n&nbsp;&nbsp;&nbsp;&nbsp;&nbsp;&nbsp; De men\u021bionat este c\u0103 cele mai multe din problemele spirituale ale membrilor bisericii sunt dirijate spre consilierea pastoral\u0103.<br \/>\n<\/p>\n","protected":false},"excerpt":{"rendered":"<p>&nbsp;Comitet &nbsp;&nbsp;&nbsp;&nbsp;&nbsp;&nbsp;Comitetul este at\u00e2t o \u00eemplinire a Cuv\u00e2ntului Lui Dumnezeu (Noul Testament), c\u00e2t \u0219i o obliga\u021bie statutar\u0103: Faptele Apostolilor 20:17-18, 28 \u201ePavel a trimis la Efes \u0219i a chemat pe presbiterii bisericii\u2026 le-a zis: \u201eLua\u021bi seama dar la toat\u0103 turma &hellip; <a href=\"https:\/\/www.harulmoldovaveche.ro\/?page_id=188\">Continu\u0103 s\u0103 cite\u0219ti <span class=\"meta-nav\">&rarr;<\/span><\/a><\/p>\n","protected":false},"author":1,"featured_media":0,"parent":0,"menu_order":0,"comment_status":"closed","ping_status":"open","template":"","meta":{"_acf_changed":false,"ngg_post_thumbnail":0,"footnotes":""},"class_list":["post-188","page","type-page","status-publish","hentry"],"acf":[],"_links":{"self":[{"href":"https:\/\/www.harulmoldovaveche.ro\/index.php?rest_route=\/wp\/v2\/pages\/188","targetHints":{"allow":["GET"]}}],"collection":[{"href":"https:\/\/www.harulmoldovaveche.ro\/index.php?rest_route=\/wp\/v2\/pages"}],"about":[{"href":"https:\/\/www.harulmoldovaveche.ro\/index.php?rest_route=\/wp\/v2\/types\/page"}],"author":[{"embeddable":true,"href":"https:\/\/www.harulmoldovaveche.ro\/index.php?rest_route=\/wp\/v2\/users\/1"}],"replies":[{"embeddable":true,"href":"https:\/\/www.harulmoldovaveche.ro\/index.php?rest_route=%2Fwp%2Fv2%2Fcomments&post=188"}],"version-history":[{"count":70,"href":"https:\/\/www.harulmoldovaveche.ro\/index.php?rest_route=\/wp\/v2\/pages\/188\/revisions"}],"predecessor-version":[{"id":4047,"href":"https:\/\/www.harulmoldovaveche.ro\/index.php?rest_route=\/wp\/v2\/pages\/188\/revisions\/4047"}],"wp:attachment":[{"href":"https:\/\/www.harulmoldovaveche.ro\/index.php?rest_route=%2Fwp%2Fv2%2Fmedia&parent=188"}],"curies":[{"name":"wp","href":"https:\/\/api.w.org\/{rel}","templated":true}]}}