{"id":142,"date":"2012-09-28T16:20:59","date_gmt":"2012-09-28T13:20:59","guid":{"rendered":"http:\/\/localhost\/wordpress2\/?page_id=142"},"modified":"2024-02-21T20:11:47","modified_gmt":"2024-02-21T18:11:47","slug":"ce-credem-noi","status":"publish","type":"page","link":"https:\/\/www.harulmoldovaveche.ro\/?page_id=142","title":{"rendered":"Ce credem Noi Marturisirea de credin\u021b\u0103 a Cultului Baptist din Rom\u00e2nia"},"content":{"rendered":"<p><img loading=\"lazy\" decoding=\"async\" src=\"wp-content\/imagini\/prayer.png\" alt=\"\" width=\"100\" height=\"100\" align=\"left\" \/><br \/>\n&nbsp;&nbsp;&nbsp;&nbsp;&nbsp;&nbsp;<span style=\"color: black; font-family: Times New Roman; font-size:200%;\">\u0218apte elemente esen\u021biale de crez:<\/span><\/p>\n<ol>\n<li> <span>Singura autoritate \u00een materie de credin\u021b\u0103 dup\u0103 care membri bisericii \u00ee\u0219i coordoneaz\u0103 via\u021ba este Sf\u00e2nta Scriptur\u0103, fiind Cuv\u00e2ntul revelat al lui Dumnezeu.<\/span><\/li>\n<li>  <span>Scopul declarat al fiec\u0103rui membru este Glorificarea lui Dumnezeu, care exist\u0103 etern \u00een trei Persoane: Tat\u0103l, Fiul \u0219i Duhul Sf\u00e2nt.<\/span><\/li>\n<li>  <span>Membrii bisericii \u0219i-au exprimat m\u0103rturia lor \u00een apa botezului, fiind salva\u021bi prin credin\u021ba personal\u0103 \u00een jertfa Domnului Isus Hristos.<\/span><\/li>\n<li>  <span>Biserica este convins\u0103 c\u0103 are de \u00eendeplinit o misiune at\u00e2t \u00een interiorul c\u00e2t \u0219i \u00een afara ei \u0219i de aceea se bazeaz\u0103 total pe puterea Duhului Sf\u00e2nt.<\/span><\/li>\n<li>  <span>Fiecare membru are dreptul de a experimenta bucuria plenar\u0103 a prezen\u021bei Domnului Isus Hristos \u00een via\u021ba bisericii, dar \u0219i obliga\u021bia de a participa spiritual \u0219i material la prop\u0103\u0219irea bisericii.<\/span><\/li>\n<li>  <span>Suntem binecuv\u00e2nta\u021bi de Dumnezeu, at\u00e2t prin locul de amplasare, la confluen\u021ba drumurilor din Clisura Dun\u0103rii, dar \u0219i prin resurse, materiale \u0219i spirituale, lucru care ne responsabilizeaz\u0103 la veghere \u0219i slujire.<\/span><\/li>\n<li>  <span>La biserica Harul din Moldova Veche, Dumnezeu \u00eenc\u0103 mai revars\u0103 har pentru fiecare suflet dornic de m\u00e2ntuire, de aceea fiecare apar\u021bin\u0103tor ori vizitator este binevenit la orice serviciu de \u00eenchinare.<\/span><\/li>\n<\/ol>\n<p><div class=\"wpfilebase-attachment\">\r\n <div class=\"wpfilebase-fileicon\"><a href=\"https:\/\/www.harulmoldovaveche.ro\/?wpfb_dl=8\" title=\"Download M\u0103rturisirea de credin\u021b\u0103 a Cultului Cre\u0219tin Baptist din Rom\u00e2nia\"><img decoding=\"async\" align=\"middle\" src=\"https:\/\/www.harulmoldovaveche.ro\/wp-includes\/images\/crystal\/document.png\" alt=\"M\u0103rturisirea de credin\u021b\u0103 a Cultului Cre\u0219tin Baptist din Rom\u00e2nia\" \/><\/a><\/div>\r\n <div class=\"wpfilebase-rightcol\">\r\n  <div class=\"wpfilebase-filetitle\">\r\n   <a href=\"https:\/\/www.harulmoldovaveche.ro\/?wpfb_dl=8\" title=\"Download M\u0103rturisirea de credin\u021b\u0103 a Cultului Cre\u0219tin Baptist din Rom\u00e2nia\">M\u0103rturisirea de credin\u021b\u0103 a Cultului Cre\u0219tin Baptist din Rom\u00e2nia<\/a><br \/>\r\n   Marturisirea-de-Credinta.pdf<br \/>\r\n   \r\n   \r\n<!-- <span style=\"color: #667667; font-family: Arial; font-size: 150%;\">&nbsp;&nbsp;&nbsp;&nbsp;&nbsp;&nbsp;&nbsp;&nbsp;&nbsp;&nbsp;&nbsp;&nbsp;&nbsp;&nbsp;\r\n&nbsp;&nbsp;&nbsp;&nbsp;&nbsp;&nbsp;&nbsp;&nbsp;&nbsp;&nbsp;&nbsp;&nbsp;&nbsp;&nbsp;&nbsp;&nbsp;&nbsp;&nbsp;&nbsp;&nbsp;&nbsp;Descriere<\/span> -->\r\n  <\/div><br style=\"line-height:50px;\" \/>\r \n  \n<div class=\"wpfilebase-filedetails\" id=\"wpfilebase-filedetails1\" style = \"width:500px;\">\r\n  <p><\/p>\r\n  <table border=\"0\">\r\n   \r\n   \r\n   \r\n   <tr><td><strong>Cerin\u021be:<\/strong><\/td><td><a href=\"http:\/\/www.foxitsoftware.com\/pdf\/reader\/addons.php\" target=\"_blank\">PDF Reader<\/a><\/td><\/tr>\r\n   \r\n   <tr><td><strong>Licen\u021ba:<\/strong><\/td><td>Freeware<\/td><\/tr>\r\n   <tr><td><strong>Data introducerii fi\u0219ierului:<\/strong><\/td><td>15 aprilie 2013<\/td><\/tr>\r\n   \n  <\/table>\r\n  <\/div>\r\n <\/div>\r\n <div class=\"wpfilebase-fileinfo\">\r\n  <strong>532.9 KiB<\/strong><br \/>\r\n<strong>1033 Desc\u0103rc\u0103ri<\/strong><br \/>\r \n <\/div>\r\n <div style=\"clear: both;\"><\/div>\r\n<\/div><br \/>\n<\/p>\n","protected":false},"excerpt":{"rendered":"<p>&nbsp;&nbsp;&nbsp;&nbsp;&nbsp;&nbsp;\u0218apte elemente esen\u021biale de crez: Singura autoritate \u00een materie de credin\u021b\u0103 dup\u0103 care membri bisericii \u00ee\u0219i coordoneaz\u0103 via\u021ba este Sf\u00e2nta Scriptur\u0103, fiind Cuv\u00e2ntul revelat al lui Dumnezeu. Scopul declarat al fiec\u0103rui membru este Glorificarea lui Dumnezeu, care exist\u0103 etern \u00een &hellip; <a href=\"https:\/\/www.harulmoldovaveche.ro\/?page_id=142\">Continu\u0103 s\u0103 cite\u0219ti <span class=\"meta-nav\">&rarr;<\/span><\/a><\/p>\n","protected":false},"author":1,"featured_media":0,"parent":0,"menu_order":0,"comment_status":"closed","ping_status":"open","template":"","meta":{"_acf_changed":false,"ngg_post_thumbnail":0,"footnotes":""},"class_list":["post-142","page","type-page","status-publish","hentry"],"acf":[],"_links":{"self":[{"href":"https:\/\/www.harulmoldovaveche.ro\/index.php?rest_route=\/wp\/v2\/pages\/142","targetHints":{"allow":["GET"]}}],"collection":[{"href":"https:\/\/www.harulmoldovaveche.ro\/index.php?rest_route=\/wp\/v2\/pages"}],"about":[{"href":"https:\/\/www.harulmoldovaveche.ro\/index.php?rest_route=\/wp\/v2\/types\/page"}],"author":[{"embeddable":true,"href":"https:\/\/www.harulmoldovaveche.ro\/index.php?rest_route=\/wp\/v2\/users\/1"}],"replies":[{"embeddable":true,"href":"https:\/\/www.harulmoldovaveche.ro\/index.php?rest_route=%2Fwp%2Fv2%2Fcomments&post=142"}],"version-history":[{"count":80,"href":"https:\/\/www.harulmoldovaveche.ro\/index.php?rest_route=\/wp\/v2\/pages\/142\/revisions"}],"predecessor-version":[{"id":4053,"href":"https:\/\/www.harulmoldovaveche.ro\/index.php?rest_route=\/wp\/v2\/pages\/142\/revisions\/4053"}],"wp:attachment":[{"href":"https:\/\/www.harulmoldovaveche.ro\/index.php?rest_route=%2Fwp%2Fv2%2Fmedia&parent=142"}],"curies":[{"name":"wp","href":"https:\/\/api.w.org\/{rel}","templated":true}]}}