{"id":132,"date":"2012-09-28T15:47:13","date_gmt":"2012-09-28T12:47:13","guid":{"rendered":"http:\/\/localhost\/wordpress2\/?page_id=132"},"modified":"2024-02-21T20:12:38","modified_gmt":"2024-02-21T18:12:38","slug":"132-2","status":"publish","type":"page","link":"https:\/\/www.harulmoldovaveche.ro\/?page_id=132","title":{"rendered":"Despre Noi Biserica Baptista Harul Moldova Veche"},"content":{"rendered":"<p><img loading=\"lazy\" decoding=\"async\" src=\"wp-content\/imagini\/grup.png\" alt=\"\" width=\"80\" height=\"80\" align=\"left\" \/><br \/>\n<span style=\"color: #667667; font-family: Arial; font-size: 250%;\"> \u00a0Despre noi<\/span><\/p>\n<p>&nbsp;&nbsp;&nbsp;&nbsp;&nbsp;&nbsp;<span style=\"font-family: Times New Roman;font-weight: bold; font-size: 110%;\">Denumire:<\/span> BISERICA CRE\u0218TIN\u0102 BAPTIST\u0102 ,,HARUL\u201d MOLDOVA VECHE<br \/>\n&nbsp;&nbsp;&nbsp;&nbsp;&nbsp;&nbsp;<span style=\"font-family: Times New Roman;font-weight: bold; font-size: 110%;\">Adresa:<\/span> Moldova Veche, nr. 164.<br \/>\n&nbsp;&nbsp;&nbsp;&nbsp;&nbsp;&nbsp;Pozi\u021bionarea Bisericii este strategic\u0103, fiind situat\u0103 la confluen\u021ba dintre partea de ora\u0219 cu blocuri unde locuiesc cet\u0103\u021beni rom\u00e2ni \u0219i de diferite etnii \u0219i zona de case unde locuiesc \u00een mare majoritate cet\u0103\u021beni rom\u00e2ni de etnie s\u00e2rb\u0103.<br \/>\n&nbsp;&nbsp;&nbsp;&nbsp;&nbsp;&nbsp;<span style=\"font-family: Times New Roman;font-weight: bold; font-size: 110%;\">Bapti\u0219tii<\/span> \u00ee\u0219i trag numele de la practica botezului nou-testamentar. Grecescul <span style=\"font-family: Times New Roman;font-weight: bold; font-size: 110%;\">,,baptizo\u201d<\/span> care \u00eenseamn\u0103 <span style=\"font-family: Times New Roman;font-weight: bold; font-size: 110%;\">,,afundare\u201d<\/span>. Botezul se administreaz\u0103 \u00een numele Tat\u0103lui al Fiului \u0219i al Sf\u00e2ntului Duh, prin afundare \u00een ap\u0103 \u0219i este precedat de convertirea celui ce se boteaz\u0103.<br \/>\n&nbsp;&nbsp;&nbsp;&nbsp;&nbsp;&nbsp;<span style=\"font-family: Times New Roman;font-weight: bold; font-size: 110%;\">Elemente de crez \u0219i de identificare:<\/span><br \/>\n&nbsp;&nbsp;&nbsp;&nbsp;&nbsp;&nbsp;Bapti\u0219tii reprezint\u0103 \u00een tradi\u021bia cre\u0219tin\u0103 o ramur\u0103 a Reformei Protestante din secolul al XVI \u2013 lea \u0219i se consider\u0103 continuatori ai tradi\u021biei evanghelice. Ei sus\u021bin principiile Reformei: <span style=\"font-family: Times New Roman;font-weight: bold; font-size: 110%;\">Sola Scriptura, Sola Gratia, Sola Fidae, Soli Deo Gloria.<\/span><br \/>\n&nbsp;&nbsp;&nbsp;&nbsp;&nbsp;&nbsp;Prima congrega\u021bie care a purtat numele de biseric\u0103 baptist\u0103 a ap\u0103rut \u00een anul 1609 \u00een Amsterdam \u0219i a fost format\u0103 din emigran\u021bi englezi.<br \/>\n&nbsp;&nbsp;&nbsp;&nbsp;&nbsp;&nbsp;\u00cen Rom\u00e2nia, prima biseric\u0103 baptist\u0103 a luat fiin\u021b\u0103 \u00een anul 1856 \u00een Bucure\u0219ti, prin misiunea Bisericii Baptiste Germane.<br \/>\n&nbsp;&nbsp;&nbsp;&nbsp;&nbsp;&nbsp;Prin \u00eenv\u0103\u021b\u0103turile biblice fundamentale, bapti\u0219tii apar\u021bin cre\u0219tinismului istoric:<\/p>\n<ul>\n<li>Bapti\u0219tii cred \u0219i m\u0103rturisesc c\u0103 Dumnezeu exist\u0103 etern \u00een trei Persoane: Tat\u0103l, Fiul \u0219i Duhul Sf\u00e2nt, fiecare Persoan\u0103 fiind pe deplin Dumnezeu, cu toate c\u0103 exist\u0103 un singur Dumnezeu.<\/li>\n<li>Bapti\u0219tii cred \u0219i m\u0103rturisesc dumnezeirea \u0219i umanitatea Domnului Isus Christos, na\u0219terea Sa din fecioara Maria, moartea Sa isp\u0103\u0219itoare pe cruce pentru \u00eentreaga omenire, \u00eenvierea Sa din mor\u021bi a treia zi \u00een trup glorificat, \u00een\u0103l\u021barea Sa \u00een slav\u0103 la dreapta Tat\u0103lui \u0219i a\u0219teapt\u0103 revenirea Sa \u00een slav\u0103, \u00eenvierea celor drep\u021bi \u0219i a celor nedrep\u021bi \u0219i manifestarea glorioas\u0103 a \u00cemp\u0103r\u0103\u021biei lui Dumnezeu.<\/li>\n<li>Bapti\u0219tii cred \u0219i m\u0103rturisesc c\u0103 Duhul Sf\u00e2nt este cea de a treia Persoan\u0103 dumnezeiasc\u0103, c\u0103 Duhul Sf\u00e2nt ilumineaz\u0103 \u0219i convinge omul de p\u0103cat \u0219i neprih\u0103nire, c\u0103 \u00eenf\u0103ptuie\u0219te na\u0219terea din nou (regenerarea) prin Cuv\u00e2ntul Scripturii \u0219i transformarea (sfin\u021birea) continu\u0103, dup\u0103 chipul Fiului lui Dumnezeu, a celui ce se \u00eencrede \u00een El.<\/li>\n<\/ul>\n<p>&nbsp;&nbsp;&nbsp;&nbsp;&nbsp;&nbsp;Bapti\u0219tii s-au remarcat \u00een istorie prin lupta pentru libertatea religioas\u0103 a fiec\u0103rei fiin\u021be umane. Libertatea religioas\u0103 este inalienabil\u0103 \u0219i irevocabil\u0103 \u0219i nici o alt\u0103 libertate nu este \u00een siguran\u021b\u0103 acolo unde nu exist\u0103 libertate religioas\u0103.<br \/>\n&nbsp;&nbsp;&nbsp;&nbsp;&nbsp;&nbsp;Pentru bapti\u0219ti libertatea religioas\u0103 \u00eenseamn\u0103:<\/p>\n<ul>\n<li>libertatea de a crede \u0219i de a m\u0103rturisi credin\u021ba.<\/li>\n<li>libertatea de \u00eenchinare public\u0103 \u0219i privat\u0103.<\/li>\n<li>libertatea de asociere \u00een comunit\u0103\u021bi religioase.<\/li>\n<li>libertatea de practicare a credin\u021bei.<\/li>\n<li>libertatea de slujire prin fapte de caritate.<\/li>\n<li>libertatea de interpretare a Scripturii.<\/li>\n<li>libertatea de schimbare a apartenen\u021bei religioase.<\/li>\n<\/ul>\n<p>&nbsp;&nbsp;&nbsp;&nbsp;&nbsp;&nbsp;Bapti\u0219tii cred \u0219i militeaz\u0103 pentru o biseric\u0103 liber\u0103 \u00eentr-un stat liber.<br \/>\n<\/p>\n","protected":false},"excerpt":{"rendered":"<p>\u00a0Despre noi &nbsp;&nbsp;&nbsp;&nbsp;&nbsp;&nbsp;Denumire: BISERICA CRE\u0218TIN\u0102 BAPTIST\u0102 ,,HARUL\u201d MOLDOVA VECHE &nbsp;&nbsp;&nbsp;&nbsp;&nbsp;&nbsp;Adresa: Moldova Veche, nr. 164. &nbsp;&nbsp;&nbsp;&nbsp;&nbsp;&nbsp;Pozi\u021bionarea Bisericii este strategic\u0103, fiind situat\u0103 la confluen\u021ba dintre partea de ora\u0219 cu blocuri unde locuiesc cet\u0103\u021beni rom\u00e2ni \u0219i de diferite etnii \u0219i zona de case &hellip; <a href=\"https:\/\/www.harulmoldovaveche.ro\/?page_id=132\">Continu\u0103 s\u0103 cite\u0219ti <span class=\"meta-nav\">&rarr;<\/span><\/a><\/p>\n","protected":false},"author":1,"featured_media":0,"parent":0,"menu_order":0,"comment_status":"closed","ping_status":"open","template":"","meta":{"_acf_changed":false,"ngg_post_thumbnail":0,"footnotes":""},"class_list":["post-132","page","type-page","status-publish","hentry"],"acf":[],"_links":{"self":[{"href":"https:\/\/www.harulmoldovaveche.ro\/index.php?rest_route=\/wp\/v2\/pages\/132","targetHints":{"allow":["GET"]}}],"collection":[{"href":"https:\/\/www.harulmoldovaveche.ro\/index.php?rest_route=\/wp\/v2\/pages"}],"about":[{"href":"https:\/\/www.harulmoldovaveche.ro\/index.php?rest_route=\/wp\/v2\/types\/page"}],"author":[{"embeddable":true,"href":"https:\/\/www.harulmoldovaveche.ro\/index.php?rest_route=\/wp\/v2\/users\/1"}],"replies":[{"embeddable":true,"href":"https:\/\/www.harulmoldovaveche.ro\/index.php?rest_route=%2Fwp%2Fv2%2Fcomments&post=132"}],"version-history":[{"count":20,"href":"https:\/\/www.harulmoldovaveche.ro\/index.php?rest_route=\/wp\/v2\/pages\/132\/revisions"}],"predecessor-version":[{"id":4054,"href":"https:\/\/www.harulmoldovaveche.ro\/index.php?rest_route=\/wp\/v2\/pages\/132\/revisions\/4054"}],"wp:attachment":[{"href":"https:\/\/www.harulmoldovaveche.ro\/index.php?rest_route=%2Fwp%2Fv2%2Fmedia&parent=132"}],"curies":[{"name":"wp","href":"https:\/\/api.w.org\/{rel}","templated":true}]}}