{"id":118,"date":"2012-10-06T17:28:48","date_gmt":"2012-10-06T17:28:48","guid":{"rendered":"http:\/\/localhost\/wordpress3\/?page_id=118"},"modified":"2016-04-16T14:45:48","modified_gmt":"2016-04-16T14:45:48","slug":"video-resources","status":"publish","type":"page","link":"https:\/\/www.harulmoldovaveche.ro\/en\/?page_id=118","title":{"rendered":"Video resources"},"content":{"rendered":"<p><img loading=\"lazy\" decoding=\"async\" src=\"wp-content\/imagini\/video.png\" alt=\"\" width=\"110\" height=\"110\" align=\"left\" \/><br \/>\n<span style=\"color: #667667; font-size: 250%;\">&nbsp;Video resources<\/span><br \/>\n<\/p>\n<div class=\"dhtmlgoodies_question\" style = \"font-family: Times New Roman;\">\n<table width = \"100%\" height = \"100%\" border = 0>\n<tr width = \"100%\" height = \"100%\" align = \"center\" valign=\"middle\">PRAISE AND WORSHIP GROUP<\/tr>\n<\/table>\n<\/div>\n<div class=\"dhtmlgoodies_answer\">\n<div>\n<table style=\"width:100%\">\n<tr>\n<td>Tinerii Bisericii &#8220;Harul&#8221; Moldova Veche &#8211; Dumnezeu e t\u0103ria mea (Our God It&#8217;s an awesome God)<\/td>\n<td>Tinerii Bisericii &#8220;Harul&#8221; Moldova Veche &#8211; S\u0103 venim s\u0103 ne-nchin\u0103m (Let&#8217;s come to worship!)<\/td>\n<td>Tinerii Bisericii &#8220;Harul&#8221; Moldova Veche &#8211; Voi \u00een\u0103l\u021ba numele T\u0103u (I will raise Your name)<\/td>\n<td>Tinerii Bisericii &#8220;Harul&#8221; Moldova Veche &#8211; Domnul \u00een ceruri domne\u0219te (God rules in heaven)<\/td>\n<\/tr>\n<tr>\n<td><a href=\"http:\/\/www.youtube.com\/watch?v=uCbFdNWNaLo&#038;list=Xk70gdfcco4PCGnTF8bIn6fOyMUxPtTK\"><img loading=\"lazy\" decoding=\"async\" src=\"http:\/\/img.youtube.com\/vi\/uCbFdNWNaLo\/mqdefault.jpg\" height=\"190\" width=\"240\" alt=\"thumbnail\"\/><\/a><\/a><\/td>\n<td><a href=\"http:\/\/www.youtube.com\/watch?v=d5fCTkfUMDc&#038;list=Xk70gdfcco4PCGnTF8bIn6fOyMUxPtTK\"><img loading=\"lazy\" decoding=\"async\" src=\"http:\/\/img.youtube.com\/vi\/d5fCTkfUMDc\/mqdefault.jpg\" height=\"190\" width=\"240\" alt=\"thumbnail\"\/><\/a><\/a><\/td>\n<td><a href=\"http:\/\/www.youtube.com\/watch?v=b0xbK-i8orA&#038;list=Xk70gdfcco4PCGnTF8bIn6fOyMUxPtTK\"><img loading=\"lazy\" decoding=\"async\" src=\"http:\/\/img.youtube.com\/vi\/b0xbK-i8orA\/mqdefault.jpg\" height=\"190\" width=\"240\" alt=\"thumbnail\"\/><\/a><\/a><\/td>\n<td><a href=\"http:\/\/www.youtube.com\/watch?v=nbu2QGE7r-k&#038;list=Xk70gdfcco4PCGnTF8bIn6fOyMUxPtTK\"><img loading=\"lazy\" decoding=\"async\" src=\"http:\/\/img.youtube.com\/vi\/nbu2QGE7r-k\/mqdefault.jpg\" height=\"190\" width=\"240\" alt=\"thumbnail\"\/><\/a><\/a><\/td>\n<\/table><\/div>\n<\/div>\n<\/div>\n","protected":false},"excerpt":{"rendered":"<p>&nbsp;Video resources PRAISE AND WORSHIP GROUP Tinerii Bisericii &#8220;Harul&#8221; Moldova Veche &#8211; Dumnezeu e t\u0103ria mea (Our God It&#8217;s an awesome God) Tinerii Bisericii &#8220;Harul&#8221; Moldova Veche &#8211; S\u0103 venim s\u0103 ne-nchin\u0103m (Let&#8217;s come to worship!) Tinerii Bisericii &#8220;Harul&#8221; Moldova &hellip; <a href=\"https:\/\/www.harulmoldovaveche.ro\/en\/?page_id=118\">Continue reading <span class=\"meta-nav\">&rarr;<\/span><\/a><\/p>\n","protected":false},"author":1,"featured_media":0,"parent":0,"menu_order":0,"comment_status":"closed","ping_status":"closed","template":"","meta":{"footnotes":""},"_links":{"self":[{"href":"https:\/\/www.harulmoldovaveche.ro\/en\/index.php?rest_route=\/wp\/v2\/pages\/118"}],"collection":[{"href":"https:\/\/www.harulmoldovaveche.ro\/en\/index.php?rest_route=\/wp\/v2\/pages"}],"about":[{"href":"https:\/\/www.harulmoldovaveche.ro\/en\/index.php?rest_route=\/wp\/v2\/types\/page"}],"author":[{"embeddable":true,"href":"https:\/\/www.harulmoldovaveche.ro\/en\/index.php?rest_route=\/wp\/v2\/users\/1"}],"replies":[{"embeddable":true,"href":"https:\/\/www.harulmoldovaveche.ro\/en\/index.php?rest_route=%2Fwp%2Fv2%2Fcomments&post=118"}],"version-history":[{"count":13,"href":"https:\/\/www.harulmoldovaveche.ro\/en\/index.php?rest_route=\/wp\/v2\/pages\/118\/revisions"}],"predecessor-version":[{"id":337,"href":"https:\/\/www.harulmoldovaveche.ro\/en\/index.php?rest_route=\/wp\/v2\/pages\/118\/revisions\/337"}],"wp:attachment":[{"href":"https:\/\/www.harulmoldovaveche.ro\/en\/index.php?rest_route=%2Fwp%2Fv2%2Fmedia&parent=118"}],"curies":[{"name":"wp","href":"https:\/\/api.w.org\/{rel}","templated":true}]}}